{"id":79,"date":"2014-12-04T12:21:32","date_gmt":"2014-12-04T12:21:32","guid":{"rendered":"http:\/\/floristeriamerapalencia.com\/wp\/?page_id=79"},"modified":"2021-11-23T17:48:29","modified_gmt":"2021-11-23T17:48:29","slug":"floristeria-mera","status":"publish","type":"page","link":"https:\/\/floristeriamerapalencia.com\/wp\/?page_id=79","title":{"rendered":"FLORISTER\u00cdA MERA"},"content":{"rendered":"<p style=\"text-align: center;\">\n<p><img decoding=\"async\" loading=\"lazy\" class=\"wp-image-3382  aligncenter\" src=\"http:\/\/floristeriamerapalencia.com\/wp\/wp-content\/uploads\/2021\/01\/132061625_2796351660639305_841008039279095064_o-300x300.jpg\" alt=\"\" width=\"551\" height=\"552\" srcset=\"https:\/\/floristeriamerapalencia.com\/wp\/wp-content\/uploads\/2021\/01\/132061625_2796351660639305_841008039279095064_o-300x300.jpg 300w, https:\/\/floristeriamerapalencia.com\/wp\/wp-content\/uploads\/2021\/01\/132061625_2796351660639305_841008039279095064_o-100x100.jpg 100w, https:\/\/floristeriamerapalencia.com\/wp\/wp-content\/uploads\/2021\/01\/132061625_2796351660639305_841008039279095064_o-600x600.jpg 600w, https:\/\/floristeriamerapalencia.com\/wp\/wp-content\/uploads\/2021\/01\/132061625_2796351660639305_841008039279095064_o-1024x1024.jpg 1024w, https:\/\/floristeriamerapalencia.com\/wp\/wp-content\/uploads\/2021\/01\/132061625_2796351660639305_841008039279095064_o-150x150.jpg 150w, https:\/\/floristeriamerapalencia.com\/wp\/wp-content\/uploads\/2021\/01\/132061625_2796351660639305_841008039279095064_o-768x768.jpg 768w, https:\/\/floristeriamerapalencia.com\/wp\/wp-content\/uploads\/2021\/01\/132061625_2796351660639305_841008039279095064_o-510x510.jpg 510w, https:\/\/floristeriamerapalencia.com\/wp\/wp-content\/uploads\/2021\/01\/132061625_2796351660639305_841008039279095064_o.jpg 1440w\" sizes=\"(max-width: 551px) 100vw, 551px\" \/><\/p>\n<h3 class=\"title\" style=\"text-align: center;\"><\/h3>\n<h3 class=\"title\" style=\"text-align: center;\">Quienes somos<\/h3>\n<p style=\"text-align: justify;\">En\u00a0Flores Mera\u00a0ubicada en\u00a0Palencia\u00a0nos dedicamos a la elaboraci\u00f3n de todo tipo de\u00a0ramos florales, poniendo a su disposici\u00f3n todo tipo de\u00a0decoraciones\u00a0florales y otros art\u00edculos de regalo como\u00a0mu\u00f1ecas\u00a0y\u00a0peluches. Nuestros 30 a\u00f1os de experiencia son la garant\u00eda del mejor servicio y la m\u00e1s alta calidad.<\/p>\n<h3 class=\"title\" style=\"text-align: center;\">Que ofrecemos<\/h3>\n<p style=\"text-align: justify;\">Ponemos a su disposici\u00f3n todo tipo de\u00a0coronas, ramos de novia, centros, adornos de iglesia, arte floral, plantas y regalos.<\/p>\n<p style=\"text-align: justify;\">Realizamos nuestros encargos con la mayor seriedad y calidad.<\/p>\n<p style=\"text-align: justify;\">\u00bfBusca un ramo con encanto? No lo dude y contacte con nosotros, contamos con servicio a domicilio de entrega y pago telef\u00f3nico con tarjeta de cr\u00e9dito.<\/p>\n<p style=\"text-align: justify;\">Vis\u00edtenos, estaremos encantados en poder ayudarle.<\/p>\n<h3 class=\"title\" style=\"text-align: center;\">Servicios<\/h3>\n<h4>&#8211; Forma de pago<\/h4>\n<p>Con Tarjeta de Cr\u00e9dito<\/p>\n<h4>&#8211; Reparto<\/h4>\n<p>Entrega a domicilio<\/p>\n<h3 class=\"title\" style=\"text-align: center;\">Donde estamos<\/h3>\n","protected":false},"excerpt":{"rendered":"<p>Quienes somos En\u00a0Flores Mera\u00a0ubicada en\u00a0Palencia\u00a0nos dedicamos a la elaboraci\u00f3n de todo tipo de\u00a0ramos florales, poniendo a su disposici\u00f3n todo tipo de\u00a0decoraciones\u00a0florales y otros art\u00edculos de regalo como\u00a0mu\u00f1ecas\u00a0y\u00a0peluches. Nuestros 30 a\u00f1os de experiencia son la garant\u00eda del mejor servicio y la m\u00e1s alta calidad. Que ofrecemos Ponemos a su disposici\u00f3n todo tipo de\u00a0coronas, ramos de novia, [&hellip;]<\/p>\n","protected":false},"author":1,"featured_media":0,"parent":0,"menu_order":0,"comment_status":"open","ping_status":"open","template":"","meta":[],"acf":[],"yoast_head":"<!-- This site is optimized with the Yoast SEO plugin v20.0 - https:\/\/yoast.com\/wordpress\/plugins\/seo\/ -->\n<title>Florister\u00eda Mera Palencia<\/title>\n<meta name=\"description\" content=\"flores,palencia,florister\u00eda,adornos,florales,bodas,funerales,ramos,regalos\" \/>\n<meta name=\"robots\" content=\"index, follow, max-snippet:-1, max-image-preview:large, max-video-preview:-1\" \/>\n<link rel=\"canonical\" href=\"https:\/\/floristeriamerapalencia.com\/wp\/?page_id=79\" \/>\n<meta property=\"og:locale\" content=\"es_ES\" \/>\n<meta property=\"og:type\" content=\"article\" \/>\n<meta property=\"og:title\" content=\"Florister\u00eda Mera Palencia\" \/>\n<meta property=\"og:description\" content=\"flores,palencia,florister\u00eda,adornos,florales,bodas,funerales,ramos,regalos\" \/>\n<meta property=\"og:url\" content=\"https:\/\/floristeriamerapalencia.com\/wp\/?page_id=79\" \/>\n<meta property=\"og:site_name\" content=\"Floristeria Mera Palencia\" \/>\n<meta property=\"article:modified_time\" content=\"2021-11-23T17:48:29+00:00\" \/>\n<meta property=\"og:image\" content=\"http:\/\/floristeriamerapalencia.com\/wp\/wp-content\/uploads\/2021\/01\/132061625_2796351660639305_841008039279095064_o-300x300.jpg\" \/>\n<meta name=\"twitter:card\" content=\"summary_large_image\" \/>\n<meta name=\"twitter:label1\" content=\"Tiempo de lectura\" \/>\n\t<meta name=\"twitter:data1\" content=\"1 minuto\" \/>\n<script type=\"application\/ld+json\" class=\"yoast-schema-graph\">{\"@context\":\"https:\/\/schema.org\",\"@graph\":[{\"@type\":\"WebPage\",\"@id\":\"https:\/\/floristeriamerapalencia.com\/wp\/?page_id=79\",\"url\":\"https:\/\/floristeriamerapalencia.com\/wp\/?page_id=79\",\"name\":\"Florister\u00eda Mera Palencia\",\"isPartOf\":{\"@id\":\"https:\/\/floristeriamerapalencia.com\/wp\/#website\"},\"datePublished\":\"2014-12-04T12:21:32+00:00\",\"dateModified\":\"2021-11-23T17:48:29+00:00\",\"description\":\"flores,palencia,florister\u00eda,adornos,florales,bodas,funerales,ramos,regalos\",\"breadcrumb\":{\"@id\":\"https:\/\/floristeriamerapalencia.com\/wp\/?page_id=79#breadcrumb\"},\"inLanguage\":\"es\",\"potentialAction\":[{\"@type\":\"ReadAction\",\"target\":[\"https:\/\/floristeriamerapalencia.com\/wp\/?page_id=79\"]}]},{\"@type\":\"BreadcrumbList\",\"@id\":\"https:\/\/floristeriamerapalencia.com\/wp\/?page_id=79#breadcrumb\",\"itemListElement\":[{\"@type\":\"ListItem\",\"position\":1,\"name\":\"Portada\",\"item\":\"https:\/\/floristeriamerapalencia.com\/wp\/\"},{\"@type\":\"ListItem\",\"position\":2,\"name\":\"FLORISTER\u00cdA MERA\"}]},{\"@type\":\"WebSite\",\"@id\":\"https:\/\/floristeriamerapalencia.com\/wp\/#website\",\"url\":\"https:\/\/floristeriamerapalencia.com\/wp\/\",\"name\":\"Floristeria Mera Palencia\",\"description\":\"Florister\u00eda Mera, tu tienda de detalles y flores de confianza en Palencia\",\"potentialAction\":[{\"@type\":\"SearchAction\",\"target\":{\"@type\":\"EntryPoint\",\"urlTemplate\":\"https:\/\/floristeriamerapalencia.com\/wp\/?s={search_term_string}\"},\"query-input\":\"required name=search_term_string\"}],\"inLanguage\":\"es\"}]}<\/script>\n<!-- \/ Yoast SEO plugin. -->","yoast_head_json":{"title":"Florister\u00eda Mera Palencia","description":"flores,palencia,florister\u00eda,adornos,florales,bodas,funerales,ramos,regalos","robots":{"index":"index","follow":"follow","max-snippet":"max-snippet:-1","max-image-preview":"max-image-preview:large","max-video-preview":"max-video-preview:-1"},"canonical":"https:\/\/floristeriamerapalencia.com\/wp\/?page_id=79","og_locale":"es_ES","og_type":"article","og_title":"Florister\u00eda Mera Palencia","og_description":"flores,palencia,florister\u00eda,adornos,florales,bodas,funerales,ramos,regalos","og_url":"https:\/\/floristeriamerapalencia.com\/wp\/?page_id=79","og_site_name":"Floristeria Mera Palencia","article_modified_time":"2021-11-23T17:48:29+00:00","og_image":[{"url":"http:\/\/floristeriamerapalencia.com\/wp\/wp-content\/uploads\/2021\/01\/132061625_2796351660639305_841008039279095064_o-300x300.jpg"}],"twitter_card":"summary_large_image","twitter_misc":{"Tiempo de lectura":"1 minuto"},"schema":{"@context":"https:\/\/schema.org","@graph":[{"@type":"WebPage","@id":"https:\/\/floristeriamerapalencia.com\/wp\/?page_id=79","url":"https:\/\/floristeriamerapalencia.com\/wp\/?page_id=79","name":"Florister\u00eda Mera Palencia","isPartOf":{"@id":"https:\/\/floristeriamerapalencia.com\/wp\/#website"},"datePublished":"2014-12-04T12:21:32+00:00","dateModified":"2021-11-23T17:48:29+00:00","description":"flores,palencia,florister\u00eda,adornos,florales,bodas,funerales,ramos,regalos","breadcrumb":{"@id":"https:\/\/floristeriamerapalencia.com\/wp\/?page_id=79#breadcrumb"},"inLanguage":"es","potentialAction":[{"@type":"ReadAction","target":["https:\/\/floristeriamerapalencia.com\/wp\/?page_id=79"]}]},{"@type":"BreadcrumbList","@id":"https:\/\/floristeriamerapalencia.com\/wp\/?page_id=79#breadcrumb","itemListElement":[{"@type":"ListItem","position":1,"name":"Portada","item":"https:\/\/floristeriamerapalencia.com\/wp\/"},{"@type":"ListItem","position":2,"name":"FLORISTER\u00cdA MERA"}]},{"@type":"WebSite","@id":"https:\/\/floristeriamerapalencia.com\/wp\/#website","url":"https:\/\/floristeriamerapalencia.com\/wp\/","name":"Floristeria Mera Palencia","description":"Florister\u00eda Mera, tu tienda de detalles y flores de confianza en Palencia","potentialAction":[{"@type":"SearchAction","target":{"@type":"EntryPoint","urlTemplate":"https:\/\/floristeriamerapalencia.com\/wp\/?s={search_term_string}"},"query-input":"required name=search_term_string"}],"inLanguage":"es"}]}},"_links":{"self":[{"href":"https:\/\/floristeriamerapalencia.com\/wp\/index.php?rest_route=\/wp\/v2\/pages\/79"}],"collection":[{"href":"https:\/\/floristeriamerapalencia.com\/wp\/index.php?rest_route=\/wp\/v2\/pages"}],"about":[{"href":"https:\/\/floristeriamerapalencia.com\/wp\/index.php?rest_route=\/wp\/v2\/types\/page"}],"author":[{"embeddable":true,"href":"https:\/\/floristeriamerapalencia.com\/wp\/index.php?rest_route=\/wp\/v2\/users\/1"}],"replies":[{"embeddable":true,"href":"https:\/\/floristeriamerapalencia.com\/wp\/index.php?rest_route=%2Fwp%2Fv2%2Fcomments&post=79"}],"version-history":[{"count":124,"href":"https:\/\/floristeriamerapalencia.com\/wp\/index.php?rest_route=\/wp\/v2\/pages\/79\/revisions"}],"predecessor-version":[{"id":3473,"href":"https:\/\/floristeriamerapalencia.com\/wp\/index.php?rest_route=\/wp\/v2\/pages\/79\/revisions\/3473"}],"wp:attachment":[{"href":"https:\/\/floristeriamerapalencia.com\/wp\/index.php?rest_route=%2Fwp%2Fv2%2Fmedia&parent=79"}],"curies":[{"name":"wp","href":"https:\/\/api.w.org\/{rel}","templated":true}]}}