{"id":40,"date":"2014-12-04T11:14:58","date_gmt":"2014-12-04T11:14:58","guid":{"rendered":"http:\/\/floristeriamerapalencia.com\/wp\/?page_id=40"},"modified":"2020-01-13T17:40:16","modified_gmt":"2020-01-13T17:40:16","slug":"funerales","status":"publish","type":"page","link":"https:\/\/floristeriamerapalencia.com\/wp\/?page_id=40","title":{"rendered":"FUNERALES"},"content":{"rendered":"<p style=\"text-align: justify;\">Desde&nbsp;Floristerias&nbsp;Mera ponemos a su disposici\u00f3n todos los&nbsp;servicios&nbsp;que en una ocasi\u00f3n tan dolorosa necesitan los familiares y amigos para despedir a nuestro ser querido como a \u00e9l le hubiera gustado. Con la&nbsp;garant\u00eda&nbsp;de unos&nbsp;servicios profesionales&nbsp;y el tacto que la ocasi\u00f3n se merece para que los familiares no tengan que preocuparse de nada en un momento tan especial.<\/p>\n<p style=\"text-align: justify;\">Desde&nbsp;Flores&nbsp;Mera disponemos de una gran variedad de coronas de flores,&nbsp;cojines funerarios,&nbsp;ramos,&nbsp;cruces de flores,&nbsp;corazones florales&nbsp;y todo tipo de&nbsp;centros y arreglos florales. Tambi\u00e9n somos&nbsp;especialistas en la decoraci\u00f3n de iglesias, templos y capillas.<\/p>\n<p style=\"text-align: justify;\">Ponemos a vuestra disposici\u00f3n nuestro&nbsp;env\u00edo a domicilio&nbsp;de todo tipo de flores, coronas, etc y por supuesto las llevamos al tanatorio, cementerio, etc.<\/p>\n<table class=\"uk-table uk-table-hover uk-table-middle wk-table\">\n<tbody>\n<tr class=\"uk-visible-hover-inline ng-scope\">\n<td class=\"uk-h5 uk-text-nowrap uk-text-muted ng-binding\">\n\n<div id=\"wk-grid1a7\" class=\"wk-grid-width-1-1 wk-grid-width-small-1-3 wk-grid-width-medium-1-4 wk-grid-width-large-1-4 wk-grid-width-xlarge-1-5 \" data-wk-grid=\"{gutter: ' 20'}\"  data-wk-scrollspy=\"{cls:'wk-animation-slide-top wk-invisible', target:'> div > .wk-panel', delay:300}\">\n\n    \n    <div>\n    \n<div class=\"wk-panel wk-invisible\">\n\n    <div class=\"wk-panel-teaser\">\n\n        <figure class=\"wk-overlay wk-overlay-hover \">\n\n            <img src=\"\/wp\/wp-content\/uploads\/2020\/01\/IMG-20200107-WA0059-01.jpeg\" class=\"wk-overlay-scale\" alt=\"Centro Funerario\" width=\"1600\" height=\"1200\">\n            \n                        <div class=\"wk-overlay-panel wk-overlay-background wk-overlay-fade\"><\/div>\n            \n                            <div class=\"wk-overlay-panel wk-overlay-icon wk-overlay-fade\"><\/div>\n            \n                                                                        <a class=\"wk-position-cover\" href=\"\/wp\/wp-content\/uploads\/2020\/01\/IMG-20200107-WA0059-01.jpeg\" data-lightbox-type=\"image\" data-wk-lightbox=\"{group:'.wk-11a7'}\" title=\"Centro Funerario\"><\/a>\n                                                \n        <\/figure>\n\n    <\/div>\n\n    \n        \n        \n    \n<\/div>\n    <\/div>\n\n        \n    <div>\n    \n<div class=\"wk-panel wk-invisible\">\n\n    <div class=\"wk-panel-teaser\">\n\n        <figure class=\"wk-overlay wk-overlay-hover \">\n\n            <img src=\"\/wp\/wp-content\/uploads\/2020\/01\/IMG-20200107-WA0060.jpg\" class=\"wk-overlay-scale\" alt=\"Centro  Funerario\" width=\"512\" height=\"512\">\n            \n                        <div class=\"wk-overlay-panel wk-overlay-background wk-overlay-fade\"><\/div>\n            \n                            <div class=\"wk-overlay-panel wk-overlay-icon wk-overlay-fade\"><\/div>\n            \n                                                                        <a class=\"wk-position-cover\" href=\"\/wp\/wp-content\/uploads\/2020\/01\/IMG-20200107-WA0060.jpg\" data-lightbox-type=\"image\" data-wk-lightbox=\"{group:'.wk-11a7'}\" title=\"Centro  Funerario\"><\/a>\n                                                \n        <\/figure>\n\n    <\/div>\n\n    \n        \n        \n    \n<\/div>\n    <\/div>\n\n        \n    <div>\n    \n<div class=\"wk-panel wk-invisible\">\n\n    <div class=\"wk-panel-teaser\">\n\n        <figure class=\"wk-overlay wk-overlay-hover \">\n\n            <img src=\"\/wp\/wp-content\/uploads\/2020\/01\/Corona.jpeg\" class=\"wk-overlay-scale\" alt=\"Corona\" width=\"1200\" height=\"1600\">\n            \n                        <div class=\"wk-overlay-panel wk-overlay-background wk-overlay-fade\"><\/div>\n            \n                            <div class=\"wk-overlay-panel wk-overlay-icon wk-overlay-fade\"><\/div>\n            \n                                                                        <a class=\"wk-position-cover\" href=\"\/wp\/wp-content\/uploads\/2020\/01\/Corona.jpeg\" data-lightbox-type=\"image\" data-wk-lightbox=\"{group:'.wk-11a7'}\" title=\"Corona\"><\/a>\n                                                \n        <\/figure>\n\n    <\/div>\n\n    \n        \n        \n    \n<\/div>\n    <\/div>\n\n        \n    <div>\n    \n<div class=\"wk-panel wk-invisible\">\n\n    <div class=\"wk-panel-teaser\">\n\n        <figure class=\"wk-overlay wk-overlay-hover \">\n\n            <img src=\"\/wp\/wp-content\/uploads\/2020\/01\/IMG-20200107-WA0062-01.jpeg\" class=\"wk-overlay-scale\" alt=\"Corona\" width=\"1200\" height=\"1600\">\n            \n                        <div class=\"wk-overlay-panel wk-overlay-background wk-overlay-fade\"><\/div>\n            \n                            <div class=\"wk-overlay-panel wk-overlay-icon wk-overlay-fade\"><\/div>\n            \n                                                                        <a class=\"wk-position-cover\" href=\"\/wp\/wp-content\/uploads\/2020\/01\/IMG-20200107-WA0062-01.jpeg\" data-lightbox-type=\"image\" data-wk-lightbox=\"{group:'.wk-11a7'}\" title=\"Corona\"><\/a>\n                                                \n        <\/figure>\n\n    <\/div>\n\n    \n        \n        \n    \n<\/div>\n    <\/div>\n\n        \n    <div>\n    \n<div class=\"wk-panel wk-invisible\">\n\n    <div class=\"wk-panel-teaser\">\n\n        <figure class=\"wk-overlay wk-overlay-hover \">\n\n            <img src=\"\/wp\/wp-content\/uploads\/2020\/01\/IMG-20200107-WA0063-01.jpeg\" class=\"wk-overlay-scale\" alt=\"Corona\" width=\"300\" height=\"400\">\n            \n                        <div class=\"wk-overlay-panel wk-overlay-background wk-overlay-fade\"><\/div>\n            \n                            <div class=\"wk-overlay-panel wk-overlay-icon wk-overlay-fade\"><\/div>\n            \n                                                                        <a class=\"wk-position-cover\" href=\"\/wp\/wp-content\/uploads\/2020\/01\/IMG-20200107-WA0063-01.jpeg\" data-lightbox-type=\"image\" data-wk-lightbox=\"{group:'.wk-11a7'}\" title=\"Corona\"><\/a>\n                                                \n        <\/figure>\n\n    <\/div>\n\n    \n        \n        \n    \n<\/div>\n    <\/div>\n\n        \n    <div>\n    \n<div class=\"wk-panel wk-invisible\">\n\n    <div class=\"wk-panel-teaser\">\n\n        <figure class=\"wk-overlay wk-overlay-hover \">\n\n            <img src=\"\/wp\/wp-content\/uploads\/2020\/01\/IMG-20200107-WA0064-01.jpeg\" class=\"wk-overlay-scale\" alt=\"Corona\" width=\"300\" height=\"400\">\n            \n                        <div class=\"wk-overlay-panel wk-overlay-background wk-overlay-fade\"><\/div>\n            \n                            <div class=\"wk-overlay-panel wk-overlay-icon wk-overlay-fade\"><\/div>\n            \n                                                                        <a class=\"wk-position-cover\" href=\"\/wp\/wp-content\/uploads\/2020\/01\/IMG-20200107-WA0064-01.jpeg\" data-lightbox-type=\"image\" data-wk-lightbox=\"{group:'.wk-11a7'}\" title=\"Corona\"><\/a>\n                                                \n        <\/figure>\n\n    <\/div>\n\n    \n        \n        \n    \n<\/div>\n    <\/div>\n\n        \n    <div>\n    \n<div class=\"wk-panel wk-invisible\">\n\n    <div class=\"wk-panel-teaser\">\n\n        <figure class=\"wk-overlay wk-overlay-hover \">\n\n            <img src=\"\/wp\/wp-content\/uploads\/2020\/01\/IMG-20200107-WA0065-01.jpeg\" class=\"wk-overlay-scale\" alt=\"Corona\" width=\"300\" height=\"400\">\n            \n                        <div class=\"wk-overlay-panel wk-overlay-background wk-overlay-fade\"><\/div>\n            \n                            <div class=\"wk-overlay-panel wk-overlay-icon wk-overlay-fade\"><\/div>\n            \n                                                                        <a class=\"wk-position-cover\" href=\"\/wp\/wp-content\/uploads\/2020\/01\/IMG-20200107-WA0065-01.jpeg\" data-lightbox-type=\"image\" data-wk-lightbox=\"{group:'.wk-11a7'}\" title=\"Corona\"><\/a>\n                                                \n        <\/figure>\n\n    <\/div>\n\n    \n        \n        \n    \n<\/div>\n    <\/div>\n\n        \n    <div>\n    \n<div class=\"wk-panel wk-invisible\">\n\n    <div class=\"wk-panel-teaser\">\n\n        <figure class=\"wk-overlay wk-overlay-hover \">\n\n            <img src=\"\/wp\/wp-content\/uploads\/2020\/01\/thumbnail_IMG-20200108-WA0009-01.jpg\" class=\"wk-overlay-scale\" alt=\"Centro\" width=\"1280\" height=\"720\">\n            \n                        <div class=\"wk-overlay-panel wk-overlay-background wk-overlay-fade\"><\/div>\n            \n                            <div class=\"wk-overlay-panel wk-overlay-icon wk-overlay-fade\"><\/div>\n            \n                                                                        <a class=\"wk-position-cover\" href=\"\/wp\/wp-content\/uploads\/2020\/01\/thumbnail_IMG-20200108-WA0009-01.jpg\" data-lightbox-type=\"image\" data-wk-lightbox=\"{group:'.wk-11a7'}\" title=\"Centro\"><\/a>\n                                                \n        <\/figure>\n\n    <\/div>\n\n    \n        \n        \n    \n<\/div>\n    <\/div>\n\n        \n    <div>\n    \n<div class=\"wk-panel wk-invisible\">\n\n    <div class=\"wk-panel-teaser\">\n\n        <figure class=\"wk-overlay wk-overlay-hover \">\n\n            <img src=\"\/wp\/wp-content\/uploads\/2020\/02\/Imagen-003-scaled.jpg\" class=\"wk-overlay-scale\" alt=\"Centro  Funerario\" width=\"2560\" height=\"1757\">\n            \n                        <div class=\"wk-overlay-panel wk-overlay-background wk-overlay-fade\"><\/div>\n            \n                            <div class=\"wk-overlay-panel wk-overlay-icon wk-overlay-fade\"><\/div>\n            \n                                                                        <a class=\"wk-position-cover\" href=\"\/wp\/wp-content\/uploads\/2020\/02\/Imagen-003-scaled.jpg\" data-lightbox-type=\"image\" data-wk-lightbox=\"{group:'.wk-11a7'}\" title=\"Centro  Funerario\"><\/a>\n                                                \n        <\/figure>\n\n    <\/div>\n\n    \n        \n        \n    \n<\/div>\n    <\/div>\n\n        \n    <div>\n    \n<div class=\"wk-panel wk-invisible\">\n\n    <div class=\"wk-panel-teaser\">\n\n        <figure class=\"wk-overlay wk-overlay-hover \">\n\n            <img src=\"\/wp\/wp-content\/uploads\/2020\/02\/FUNERARIOS160415-scaled.jpg\" class=\"wk-overlay-scale\" alt=\"Centro  Funerario\" width=\"2560\" height=\"1749\">\n            \n                        <div class=\"wk-overlay-panel wk-overlay-background wk-overlay-fade\"><\/div>\n            \n                            <div class=\"wk-overlay-panel wk-overlay-icon wk-overlay-fade\"><\/div>\n            \n                                                                        <a class=\"wk-position-cover\" href=\"\/wp\/wp-content\/uploads\/2020\/02\/FUNERARIOS160415-scaled.jpg\" data-lightbox-type=\"image\" data-wk-lightbox=\"{group:'.wk-11a7'}\" title=\"Centro  Funerario\"><\/a>\n                                                \n        <\/figure>\n\n    <\/div>\n\n    \n        \n        \n    \n<\/div>\n    <\/div>\n\n        \n    <div>\n    \n<div class=\"wk-panel wk-invisible\">\n\n    <div class=\"wk-panel-teaser\">\n\n        <figure class=\"wk-overlay wk-overlay-hover \">\n\n            <img src=\"\/wp\/wp-content\/uploads\/2020\/02\/funerarios.jpg\" class=\"wk-overlay-scale\" alt=\"Cruz\" width=\"1716\" height=\"2560\">\n            \n                        <div class=\"wk-overlay-panel wk-overlay-background wk-overlay-fade\"><\/div>\n            \n                            <div class=\"wk-overlay-panel wk-overlay-icon wk-overlay-fade\"><\/div>\n            \n                                                                        <a class=\"wk-position-cover\" href=\"\/wp\/wp-content\/uploads\/2020\/02\/funerarios.jpg\" data-lightbox-type=\"image\" data-wk-lightbox=\"{group:'.wk-11a7'}\" title=\"Cruz\"><\/a>\n                                                \n        <\/figure>\n\n    <\/div>\n\n    \n        \n        \n    \n<\/div>\n    <\/div>\n\n        \n    <div>\n    \n<div class=\"wk-panel wk-invisible\">\n\n    <div class=\"wk-panel-teaser\">\n\n        <figure class=\"wk-overlay wk-overlay-hover \">\n\n            <img src=\"\/wp\/wp-content\/uploads\/2020\/02\/DSC01656-scaled.jpg\" class=\"wk-overlay-scale\" alt=\"Corona\" width=\"1920\" height=\"2560\">\n            \n                        <div class=\"wk-overlay-panel wk-overlay-background wk-overlay-fade\"><\/div>\n            \n                            <div class=\"wk-overlay-panel wk-overlay-icon wk-overlay-fade\"><\/div>\n            \n                                                                        <a class=\"wk-position-cover\" href=\"\/wp\/wp-content\/uploads\/2020\/02\/DSC01656-scaled.jpg\" data-lightbox-type=\"image\" data-wk-lightbox=\"{group:'.wk-11a7'}\" title=\"Corona\"><\/a>\n                                                \n        <\/figure>\n\n    <\/div>\n\n    \n        \n        \n    \n<\/div>\n    <\/div>\n\n        \n    <div>\n    \n<div class=\"wk-panel wk-invisible\">\n\n    <div class=\"wk-panel-teaser\">\n\n        <figure class=\"wk-overlay wk-overlay-hover \">\n\n            <img src=\"\/wp\/wp-content\/uploads\/2020\/02\/DSC01480-scaled.jpg\" class=\"wk-overlay-scale\" alt=\"Cruz\" width=\"1804\" height=\"2560\">\n            \n                        <div class=\"wk-overlay-panel wk-overlay-background wk-overlay-fade\"><\/div>\n            \n                            <div class=\"wk-overlay-panel wk-overlay-icon wk-overlay-fade\"><\/div>\n            \n                                                                        <a class=\"wk-position-cover\" href=\"\/wp\/wp-content\/uploads\/2020\/02\/DSC01480-scaled.jpg\" data-lightbox-type=\"image\" data-wk-lightbox=\"{group:'.wk-11a7'}\" title=\"Cruz\"><\/a>\n                                                \n        <\/figure>\n\n    <\/div>\n\n    \n        \n        \n    \n<\/div>\n    <\/div>\n\n        \n    <div>\n    \n<div class=\"wk-panel wk-invisible\">\n\n    <div class=\"wk-panel-teaser\">\n\n        <figure class=\"wk-overlay wk-overlay-hover \">\n\n            <img src=\"\/wp\/wp-content\/uploads\/2020\/02\/DSC01319-scaled.jpg\" class=\"wk-overlay-scale\" alt=\"Cruz\" width=\"1920\" height=\"2560\">\n            \n                        <div class=\"wk-overlay-panel wk-overlay-background wk-overlay-fade\"><\/div>\n            \n                            <div class=\"wk-overlay-panel wk-overlay-icon wk-overlay-fade\"><\/div>\n            \n                                                                        <a class=\"wk-position-cover\" href=\"\/wp\/wp-content\/uploads\/2020\/02\/DSC01319-scaled.jpg\" data-lightbox-type=\"image\" data-wk-lightbox=\"{group:'.wk-11a7'}\" title=\"Cruz\"><\/a>\n                                                \n        <\/figure>\n\n    <\/div>\n\n    \n        \n        \n    \n<\/div>\n    <\/div>\n\n        \n    <div>\n    \n<div class=\"wk-panel wk-invisible\">\n\n    <div class=\"wk-panel-teaser\">\n\n        <figure class=\"wk-overlay wk-overlay-hover \">\n\n            <img src=\"\/wp\/wp-content\/uploads\/2020\/02\/Corona-Flores-Mera-3-scaled.jpg\" class=\"wk-overlay-scale\" alt=\"Cruz\" width=\"1920\" height=\"2560\">\n            \n                        <div class=\"wk-overlay-panel wk-overlay-background wk-overlay-fade\"><\/div>\n            \n                            <div class=\"wk-overlay-panel wk-overlay-icon wk-overlay-fade\"><\/div>\n            \n                                                                        <a class=\"wk-position-cover\" href=\"\/wp\/wp-content\/uploads\/2020\/02\/Corona-Flores-Mera-3-scaled.jpg\" data-lightbox-type=\"image\" data-wk-lightbox=\"{group:'.wk-11a7'}\" title=\"Cruz\"><\/a>\n                                                \n        <\/figure>\n\n    <\/div>\n\n    \n        \n        \n    \n<\/div>\n    <\/div>\n\n        \n    <div>\n    \n<div class=\"wk-panel wk-invisible\">\n\n    <div class=\"wk-panel-teaser\">\n\n        <figure class=\"wk-overlay wk-overlay-hover \">\n\n            <img src=\"\/wp\/wp-content\/uploads\/2020\/02\/Centros-Flores-Mera-35.jpg\" class=\"wk-overlay-scale\" alt=\"Centro Funerario\" width=\"1821\" height=\"1527\">\n            \n                        <div class=\"wk-overlay-panel wk-overlay-background wk-overlay-fade\"><\/div>\n            \n                            <div class=\"wk-overlay-panel wk-overlay-icon wk-overlay-fade\"><\/div>\n            \n                                                                        <a class=\"wk-position-cover\" href=\"\/wp\/wp-content\/uploads\/2020\/02\/Centros-Flores-Mera-35.jpg\" data-lightbox-type=\"image\" data-wk-lightbox=\"{group:'.wk-11a7'}\" title=\"Centro Funerario\"><\/a>\n                                                \n        <\/figure>\n\n    <\/div>\n\n    \n        \n        \n    \n<\/div>\n    <\/div>\n\n    \n<\/div>\n\n\n<script>\n(function($){\n\n    \/\/ get the images of the gallery and replace it by a canvas of the same size to fix the problem with overlapping images on load.\n    $('img[width][height]:not(.wk-overlay-panel)', $('#wk-grid1a7')).each(function() {\n\n        var $img = $(this);\n\n        if (this.width == 'auto' || this.height == 'auto' || !$img.is(':visible')) {\n            return;\n        }\n\n        var $canvas = $('<canvas class=\"wk-responsive-width\"><\/canvas>').attr({width:$img.attr('width'), height:$img.attr('height')}),\n            img = new Image,\n            release = function() {\n                $canvas.remove();\n                $img.css('display', '');\n                release = function(){};\n            };\n\n        $img.css('display', 'none').after($canvas);\n\n        $(img).on('load', function(){ release(); });\n        setTimeout(function(){ release(); }, 1000);\n\n        img.src = this.src;\n\n    });\n\n})(jQuery);\n<\/script>\n<\/td>\n<\/tr>\n<\/tbody>\n<\/table>\n<p style=\"text-align: center;\">&nbsp;<\/p>\n\n\n<p><br><\/p>\n","protected":false},"excerpt":{"rendered":"<p>Desde&nbsp;Floristerias&nbsp;Mera ponemos a su disposici\u00f3n todos los&nbsp;servicios&nbsp;que en una ocasi\u00f3n tan dolorosa necesitan los familiares y amigos para despedir a nuestro ser querido como a \u00e9l le hubiera gustado. Con la&nbsp;garant\u00eda&nbsp;de unos&nbsp;servicios profesionales&nbsp;y el tacto que la ocasi\u00f3n se merece para que los familiares no tengan que preocuparse de nada en un momento tan especial. [&hellip;]<\/p>\n","protected":false},"author":1,"featured_media":0,"parent":0,"menu_order":0,"comment_status":"open","ping_status":"open","template":"","meta":[],"acf":[],"yoast_head":"<!-- This site is optimized with the Yoast SEO plugin v20.0 - https:\/\/yoast.com\/wordpress\/plugins\/seo\/ -->\n<title>Funerales-Florister\u00eda Mera Palencia<\/title>\n<meta name=\"description\" content=\"coronas,centros,florister\u00eda,palencia,d\u00eda los santos,funerales,flores\" \/>\n<meta name=\"robots\" content=\"index, follow, max-snippet:-1, max-image-preview:large, max-video-preview:-1\" \/>\n<link rel=\"canonical\" href=\"https:\/\/floristeriamerapalencia.com\/wp\/?page_id=40\" \/>\n<meta property=\"og:locale\" content=\"es_ES\" \/>\n<meta property=\"og:type\" content=\"article\" \/>\n<meta property=\"og:title\" content=\"Funerales-Florister\u00eda Mera Palencia\" \/>\n<meta property=\"og:description\" content=\"coronas,centros,florister\u00eda,palencia,d\u00eda los santos,funerales,flores\" \/>\n<meta property=\"og:url\" content=\"https:\/\/floristeriamerapalencia.com\/wp\/?page_id=40\" \/>\n<meta property=\"og:site_name\" content=\"Floristeria Mera Palencia\" \/>\n<meta property=\"article:modified_time\" content=\"2020-01-13T17:40:16+00:00\" \/>\n<meta name=\"twitter:card\" content=\"summary_large_image\" \/>\n<meta name=\"twitter:label1\" content=\"Tiempo de lectura\" \/>\n\t<meta name=\"twitter:data1\" content=\"1 minuto\" \/>\n<script type=\"application\/ld+json\" class=\"yoast-schema-graph\">{\"@context\":\"https:\/\/schema.org\",\"@graph\":[{\"@type\":\"WebPage\",\"@id\":\"https:\/\/floristeriamerapalencia.com\/wp\/?page_id=40\",\"url\":\"https:\/\/floristeriamerapalencia.com\/wp\/?page_id=40\",\"name\":\"Funerales-Florister\u00eda Mera Palencia\",\"isPartOf\":{\"@id\":\"https:\/\/floristeriamerapalencia.com\/wp\/#website\"},\"datePublished\":\"2014-12-04T11:14:58+00:00\",\"dateModified\":\"2020-01-13T17:40:16+00:00\",\"description\":\"coronas,centros,florister\u00eda,palencia,d\u00eda los santos,funerales,flores\",\"breadcrumb\":{\"@id\":\"https:\/\/floristeriamerapalencia.com\/wp\/?page_id=40#breadcrumb\"},\"inLanguage\":\"es\",\"potentialAction\":[{\"@type\":\"ReadAction\",\"target\":[\"https:\/\/floristeriamerapalencia.com\/wp\/?page_id=40\"]}]},{\"@type\":\"BreadcrumbList\",\"@id\":\"https:\/\/floristeriamerapalencia.com\/wp\/?page_id=40#breadcrumb\",\"itemListElement\":[{\"@type\":\"ListItem\",\"position\":1,\"name\":\"Portada\",\"item\":\"https:\/\/floristeriamerapalencia.com\/wp\/\"},{\"@type\":\"ListItem\",\"position\":2,\"name\":\"FUNERALES\"}]},{\"@type\":\"WebSite\",\"@id\":\"https:\/\/floristeriamerapalencia.com\/wp\/#website\",\"url\":\"https:\/\/floristeriamerapalencia.com\/wp\/\",\"name\":\"Floristeria Mera Palencia\",\"description\":\"Florister\u00eda Mera, tu tienda de detalles y flores de confianza en Palencia\",\"potentialAction\":[{\"@type\":\"SearchAction\",\"target\":{\"@type\":\"EntryPoint\",\"urlTemplate\":\"https:\/\/floristeriamerapalencia.com\/wp\/?s={search_term_string}\"},\"query-input\":\"required name=search_term_string\"}],\"inLanguage\":\"es\"}]}<\/script>\n<!-- \/ Yoast SEO plugin. -->","yoast_head_json":{"title":"Funerales-Florister\u00eda Mera Palencia","description":"coronas,centros,florister\u00eda,palencia,d\u00eda los santos,funerales,flores","robots":{"index":"index","follow":"follow","max-snippet":"max-snippet:-1","max-image-preview":"max-image-preview:large","max-video-preview":"max-video-preview:-1"},"canonical":"https:\/\/floristeriamerapalencia.com\/wp\/?page_id=40","og_locale":"es_ES","og_type":"article","og_title":"Funerales-Florister\u00eda Mera Palencia","og_description":"coronas,centros,florister\u00eda,palencia,d\u00eda los santos,funerales,flores","og_url":"https:\/\/floristeriamerapalencia.com\/wp\/?page_id=40","og_site_name":"Floristeria Mera Palencia","article_modified_time":"2020-01-13T17:40:16+00:00","twitter_card":"summary_large_image","twitter_misc":{"Tiempo de lectura":"1 minuto"},"schema":{"@context":"https:\/\/schema.org","@graph":[{"@type":"WebPage","@id":"https:\/\/floristeriamerapalencia.com\/wp\/?page_id=40","url":"https:\/\/floristeriamerapalencia.com\/wp\/?page_id=40","name":"Funerales-Florister\u00eda Mera Palencia","isPartOf":{"@id":"https:\/\/floristeriamerapalencia.com\/wp\/#website"},"datePublished":"2014-12-04T11:14:58+00:00","dateModified":"2020-01-13T17:40:16+00:00","description":"coronas,centros,florister\u00eda,palencia,d\u00eda los santos,funerales,flores","breadcrumb":{"@id":"https:\/\/floristeriamerapalencia.com\/wp\/?page_id=40#breadcrumb"},"inLanguage":"es","potentialAction":[{"@type":"ReadAction","target":["https:\/\/floristeriamerapalencia.com\/wp\/?page_id=40"]}]},{"@type":"BreadcrumbList","@id":"https:\/\/floristeriamerapalencia.com\/wp\/?page_id=40#breadcrumb","itemListElement":[{"@type":"ListItem","position":1,"name":"Portada","item":"https:\/\/floristeriamerapalencia.com\/wp\/"},{"@type":"ListItem","position":2,"name":"FUNERALES"}]},{"@type":"WebSite","@id":"https:\/\/floristeriamerapalencia.com\/wp\/#website","url":"https:\/\/floristeriamerapalencia.com\/wp\/","name":"Floristeria Mera Palencia","description":"Florister\u00eda Mera, tu tienda de detalles y flores de confianza en Palencia","potentialAction":[{"@type":"SearchAction","target":{"@type":"EntryPoint","urlTemplate":"https:\/\/floristeriamerapalencia.com\/wp\/?s={search_term_string}"},"query-input":"required name=search_term_string"}],"inLanguage":"es"}]}},"_links":{"self":[{"href":"https:\/\/floristeriamerapalencia.com\/wp\/index.php?rest_route=\/wp\/v2\/pages\/40"}],"collection":[{"href":"https:\/\/floristeriamerapalencia.com\/wp\/index.php?rest_route=\/wp\/v2\/pages"}],"about":[{"href":"https:\/\/floristeriamerapalencia.com\/wp\/index.php?rest_route=\/wp\/v2\/types\/page"}],"author":[{"embeddable":true,"href":"https:\/\/floristeriamerapalencia.com\/wp\/index.php?rest_route=\/wp\/v2\/users\/1"}],"replies":[{"embeddable":true,"href":"https:\/\/floristeriamerapalencia.com\/wp\/index.php?rest_route=%2Fwp%2Fv2%2Fcomments&post=40"}],"version-history":[{"count":12,"href":"https:\/\/floristeriamerapalencia.com\/wp\/index.php?rest_route=\/wp\/v2\/pages\/40\/revisions"}],"predecessor-version":[{"id":3203,"href":"https:\/\/floristeriamerapalencia.com\/wp\/index.php?rest_route=\/wp\/v2\/pages\/40\/revisions\/3203"}],"wp:attachment":[{"href":"https:\/\/floristeriamerapalencia.com\/wp\/index.php?rest_route=%2Fwp%2Fv2%2Fmedia&parent=40"}],"curies":[{"name":"wp","href":"https:\/\/api.w.org\/{rel}","templated":true}]}}