{"id":3612,"date":"2023-02-09T17:53:57","date_gmt":"2023-02-09T17:53:57","guid":{"rendered":"https:\/\/floristeriamerapalencia.com\/wp\/?page_id=3612"},"modified":"2026-02-17T18:48:11","modified_gmt":"2026-02-17T18:48:11","slug":"floristeria-mera-tu-tienda-de-flores-y-detalles-en-palencia","status":"publish","type":"page","link":"https:\/\/floristeriamerapalencia.com\/wp\/","title":{"rendered":"Florister\u00eda Mera tu tienda de Flores y detalles en Palencia"},"content":{"rendered":"<ul>\n<li>\n<p>        <img decoding=\"async\" src=\"\/wp\/wp-content\/uploads\/2022\/02\/5988nueva-scaled.jpg\" alt=\"\"><\/p>\n<h3>5988nueva<\/h3>\n<\/li>\n<li>\n<p>        <img decoding=\"async\" src=\"\/wp\/wp-content\/uploads\/2022\/02\/2164nueva-scaled.jpg\" alt=\"\"><\/p>\n<h3>2164nueva<\/h3>\n<\/li>\n<li>\n<p>        <img decoding=\"async\" src=\"\/wp\/wp-content\/uploads\/2020\/11\/thumbnail_IMG_20200805_160614-01-01nueva2.jpg\" alt=\"\"><\/p>\n<h3>thumbnail_IMG_20200805_160614-01-01nueva2<\/h3>\n<\/li>\n<li>\n<p>        <img decoding=\"async\" src=\"\/wp\/wp-content\/uploads\/2020\/11\/thumbnail_IMG_20200117_003427nueva.jpg\" alt=\"\"><\/p>\n<h3>thumbnail_IMG_20200117_003427nueva<\/h3>\n<\/li>\n<li>\n<p>        <img decoding=\"async\" src=\"\/wp\/wp-content\/uploads\/2020\/02\/Ayuntamiento-Tulipanes-2.jpg\" alt=\"\"><\/p>\n<h3>Ayuntamiento Tulipanes (2)<\/h3>\n<\/li>\n<li>\n<p>        <img decoding=\"async\" src=\"\/wp\/wp-content\/uploads\/2020\/01\/thumbnail_IMG-20200109-WA00081.jpg\" alt=\"\"><\/p>\n<h3>thumbnail_IMG-20200109-WA0008(1)<\/h3>\n<\/li>\n<\/ul>\n<div>\n<p>        <img decoding=\"async\" src=\"https:\/\/floristeriamerapalencia.com\/wp\/wp-content\/uploads\/2014\/12\/ramos-270x250.png\" alt=\"\"><\/p>\n<h3>RAMOS<\/h3>\n<div>\n<p><span>Quieres sorprender a tus seres m\u00e1s queridos, lucir especial ese d\u00eda \u00fanico ven a por los ramos de Flores Mera<\/span><\/p>\n<p>\u00a0<\/p>\n<\/p>\n<\/div>\n<p><a href=\"https:\/\/floristeriamerapalencia.com\/wp\/?page_id=19\">Ramos<\/a><\/p>\n<\/div>\n<div>\n<p>        <img decoding=\"async\" src=\"https:\/\/floristeriamerapalencia.com\/wp\/wp-content\/uploads\/2014\/12\/bodas-270x250.png\" alt=\"\"><\/p>\n<h3>BODAS<\/h3>\n<div>\n<p><span>\u00bfTe gustar\u00eda contar con los Servicios de la mejor florister\u00eda para el d\u00eda de la boda? En Flores Mera os ayudaremos a crear de el mejor ambiente p\u00e1ra ese d\u00eda tan especial. Ramos de novia, Plantas &#8230;<\/span><\/p>\n<\/div>\n<p><a href=\"https:\/\/floristeriamerapalencia.com\/wp\/?page_id=33\">Bodas<\/a><\/p>\n<\/div>\n<div>\n<p>        <img decoding=\"async\" src=\"https:\/\/floristeriamerapalencia.com\/wp\/wp-content\/uploads\/2014\/12\/mu%C3%B1eco-270x250.jpg\" alt=\"\"><\/p>\n<h3>COMPLEMENTOS<\/h3>\n<div>\n<p><span>Completa tus flores con los mejores complementos. En Flores Mera contamos con Juguetes cl\u00e1sicos, Mariquita P\u00e9rez, mu\u00f1ecas, mu\u00f1ecas de comuni\u00f3n, peluches, etc. que convertir\u00e1n tus flores en el regalo &#8230;<\/span><\/p>\n<\/div>\n<p><a href=\"https:\/\/floristeriamerapalencia.com\/wp\/?page_id=31\">Complementos<\/a><\/p>\n<\/div>\n<p><img decoding=\"async\" src=\"https:\/\/floristeriamerapalencia.com\/wp\/wp-content\/uploads\/2021\/01\/132061625_2796351660639305_841008039279095064_o-600x600.jpg\" alt=\"\"><\/p>\n<div>\n<h3 class=\"title\">Quienes somos<\/h3>\n<p>En\u00a0Flores Mera\u00a0ubicada en\u00a0Palencia\u00a0nos dedicamos a la elaboraci\u00f3n de todo tipo de\u00a0ramos florales, poniendo a su disposici\u00f3n todo tipo de\u00a0decoraciones\u00a0florales y otros art\u00edculos de regalo como\u00a0mu\u00f1ecas\u00a0y\u00a0peluches. Nuestros 30 a\u00f1os de experiencia son la garant\u00eda del mejor servicio y la m\u00e1s alta calidad.<\/p>\n<h3 class=\"title\">Que ofrecemos<\/h3>\n<p>Ponemos a su disposici\u00f3n todo tipo de\u00a0coronas, ramos de novia, centros, adornos de iglesia, arte floral, plantas y regalos.<\/p>\n<p>Realizamos nuestros encargos con la mayor seriedad y calidad.<\/p>\n<p>\u00bfBusca un ramo con encanto? No lo dude y contacte con nosotros, contamos con servicio a domicilio de entrega y pago telef\u00f3nico con tarjeta de cr\u00e9dito.<\/p>\n<p>Vis\u00edtenos, estaremos encantados en poder ayudarle.<\/p>\n<h3 class=\"title\">Servicios<\/h3>\n<h4>\u2013 Forma de pago<\/h4>\n<p>Con Tarjeta de Cr\u00e9dito<\/p>\n<h4>\u2013 Reparto<\/h4>\n<p>Entrega a domicilio<\/p>\n<\/div>\n<div>\n<p>    <iframe loading=\"lazy\" style=\"border: 0;\" src=\"https:\/\/www.google.com\/maps\/embed?pb=!1m14!1m8!1m3!1d11858.468517961202!2d-4.532251!3d42.0084918!3m2!1i1024!2i768!4f13.1!3m3!1m2!1s0x0%3A0x1c6ea2813ddc5c64!2sFlores%20Mera!5e0!3m2!1ses!2ses!4v1579169561357!5m2!1ses!2ses\" width=\"100%\" height=\"450\" frameborder=\"0\" allowfullscreen=\"allowfullscreen\"><\/iframe>\n<\/div>\n<div>\n<p>Calle Becerro de Bengoa, 2 &#8211; Bajo<br \/>34002 PALENCIA (Palencia)<\/p>\n<p><span>\u00a0 \u00a0 \u00a0 \u00a0 \u00a0<\/span><\/p>\n<p>Email: \u00a0<a href=\"mailto:floresmera@hotmail.com\">floresmera@hotmail.com<\/a><br \/>Tel\u00e9fono:\u00a0 <a href=\"tel:979 75 20 70\">979 75 20 70<\/a><br \/>M\u00f3vil: \u00a0<a href=\"tel:608 90 55 90\">608 90 55 90<\/a><\/p>\n<\/div>\n<p><!--more--><br \/>\n<!-- {\"type\":\"layout\",\"children\":[{\"type\":\"section\",\"props\":{\"image_position\":\"center-center\",\"style\":\"default\",\"title_breakpoint\":\"xl\",\"title_position\":\"top-left\",\"title_rotation\":\"left\",\"vertical_align\":\"middle\",\"width\":\"default\"},\"children\":[{\"type\":\"row\",\"children\":[{\"type\":\"column\",\"props\":{\"image_position\":\"center-center\",\"media_overlay_gradient\":\"\",\"position_sticky_breakpoint\":\"m\"},\"children\":[{\"type\":\"slideshow\",\"props\":{\"link_style\":\"default\",\"link_text\":\"Read more\",\"margin\":\"default\",\"meta_align\":\"below-title\",\"meta_element\":\"div\",\"meta_style\":\"text-meta\",\"nav\":\"dotnav\",\"nav_align\":\"center\",\"nav_breakpoint\":\"s\",\"nav_position\":\"bottom-center\",\"nav_position_margin\":\"medium\",\"overlay_animation\":\"parallax\",\"overlay_position\":\"center-left\",\"show_content\":true,\"show_link\":true,\"show_meta\":true,\"show_thumbnail\":false,\"show_title\":false,\"slidenav\":\"default\",\"slidenav_breakpoint\":\"s\",\"slidenav_margin\":\"medium\",\"slidenav_outside_breakpoint\":\"xl\",\"slideshow_autoplay\":true,\"slideshow_autoplay_pause\":true,\"slideshow_min_height\":300,\"thumbnav_height\":\"75\",\"thumbnav_svg_color\":\"emphasis\",\"thumbnav_width\":\"100\",\"title_element\":\"h3\"},\"children\":[{\"type\":\"slideshow_item\",\"props\":{\"image\":\"wp-content\\\/uploads\\\/2022\\\/02\\\/5988nueva-scaled.jpg\",\"title\":\"5988nueva\"}},{\"type\":\"slideshow_item\",\"props\":{\"image\":\"wp-content\\\/uploads\\\/2022\\\/02\\\/2164nueva-scaled.jpg\",\"title\":\"2164nueva\"}},{\"type\":\"slideshow_item\",\"props\":{\"image\":\"wp-content\\\/uploads\\\/2020\\\/11\\\/thumbnail_IMG_20200805_160614-01-01nueva2.jpg\",\"title\":\"thumbnail_IMG_20200805_160614-01-01nueva2\"}},{\"type\":\"slideshow_item\",\"props\":{\"image\":\"wp-content\\\/uploads\\\/2020\\\/11\\\/thumbnail_IMG_20200117_003427nueva.jpg\",\"title\":\"thumbnail_IMG_20200117_003427nueva\"}},{\"type\":\"slideshow_item\",\"props\":{\"image\":\"wp-content\\\/uploads\\\/2020\\\/02\\\/Ayuntamiento-Tulipanes-2.jpg\",\"title\":\"Ayuntamiento Tulipanes (2)\"}},{\"type\":\"slideshow_item\",\"props\":{\"image\":\"wp-content\\\/uploads\\\/2020\\\/01\\\/thumbnail_IMG-20200109-WA00081.jpg\",\"title\":\"thumbnail_IMG-20200109-WA0008(1)\"}}]}]}]},{\"type\":\"row\",\"props\":{\"layout\":\"1-3,1-3,1-3\",\"match\":true},\"children\":[{\"type\":\"column\",\"props\":{\"image_position\":\"center-center\",\"media_overlay_gradient\":\"\",\"position_sticky_breakpoint\":\"m\",\"width_medium\":\"1-3\"},\"children\":[{\"type\":\"panel\",\"props\":{\"content\":\"\n\n<p><span>Quieres sorprender a tus seres m\\u00e1s queridos, lucir especial ese d\\u00eda \\u00fanico ven a por los ramos de Flores Mera<\\\/span><\\\/p>\\n\n\n<p>\\u00a0<\\\/p>\\n\n\n<p><\\\/p>\\n\n\n<p><\\\/p>\",\"content_column_breakpoint\":\"m\",\"icon_width\":80,\"image\":\"https:\\\/\\\/floristeriamerapalencia.com\\\/wp\\\/wp-content\\\/uploads\\\/2014\\\/12\\\/ramos-270x250.png\",\"image_align\":\"between\",\"image_grid_breakpoint\":\"m\",\"image_grid_width\":\"1-2\",\"image_svg_color\":\"emphasis\",\"link\":\"https:\\\/\\\/floristeriamerapalencia.com\\\/wp\\\/?page_id=19\",\"link_style\":\"primary\",\"link_text\":\"Ramos\",\"margin\":\"default\",\"meta_align\":\"below-title\",\"meta_element\":\"div\",\"meta_style\":\"text-meta\",\"text_align\":\"center\",\"title\":\"RAMOS\",\"title_align\":\"top\",\"title_element\":\"h3\",\"title_grid_breakpoint\":\"m\",\"title_grid_width\":\"1-2\",\"title_hover_style\":\"reset\"}}]},{\"type\":\"column\",\"props\":{\"image_position\":\"center-center\",\"media_overlay_gradient\":\"\",\"position_sticky_breakpoint\":\"m\",\"width_medium\":\"1-3\"},\"children\":[{\"type\":\"panel\",\"props\":{\"content\":\"\n\n<p><span>\\u00bfTe gustar\\u00eda contar con los Servicios de la mejor florister\\u00eda para el d\\u00eda de la boda? En Flores Mera os ayudaremos a crear de el mejor ambiente p\\u00e1ra ese d\\u00eda tan especial. Ramos de novia, Plantas ...<\\\/span><\\\/p>\",\"content_column_breakpoint\":\"m\",\"icon_width\":80,\"image\":\"https:\\\/\\\/floristeriamerapalencia.com\\\/wp\\\/wp-content\\\/uploads\\\/2014\\\/12\\\/bodas-270x250.png\",\"image_align\":\"between\",\"image_grid_breakpoint\":\"m\",\"image_grid_width\":\"1-2\",\"image_svg_color\":\"emphasis\",\"link\":\"https:\\\/\\\/floristeriamerapalencia.com\\\/wp\\\/?page_id=33\",\"link_style\":\"primary\",\"link_text\":\"Bodas\",\"margin\":\"default\",\"meta_align\":\"below-title\",\"meta_element\":\"div\",\"meta_style\":\"text-meta\",\"text_align\":\"center\",\"title\":\"BODAS\",\"title_align\":\"top\",\"title_element\":\"h3\",\"title_grid_breakpoint\":\"m\",\"title_grid_width\":\"1-2\",\"title_hover_style\":\"reset\"}}]},{\"type\":\"column\",\"props\":{\"image_position\":\"center-center\",\"media_overlay_gradient\":\"\",\"position_sticky_breakpoint\":\"m\",\"width_medium\":\"1-3\"},\"children\":[{\"type\":\"panel\",\"props\":{\"content\":\"\n\n<p><span>Completa tus flores con los mejores complementos. En Flores Mera contamos con Juguetes cl\\u00e1sicos, Mariquita P\\u00e9rez, mu\\u00f1ecas, mu\\u00f1ecas de comuni\\u00f3n, peluches, etc. que convertir\\u00e1n tus flores en el regalo ...<\\\/span><\\\/p>\",\"content_column_breakpoint\":\"m\",\"icon_width\":80,\"image\":\"https:\\\/\\\/floristeriamerapalencia.com\\\/wp\\\/wp-content\\\/uploads\\\/2014\\\/12\\\/mu%C3%B1eco-270x250.jpg\",\"image_align\":\"between\",\"image_grid_breakpoint\":\"m\",\"image_grid_width\":\"1-2\",\"image_svg_color\":\"emphasis\",\"link\":\"https:\\\/\\\/floristeriamerapalencia.com\\\/wp\\\/?page_id=31\",\"link_style\":\"primary\",\"link_text\":\"Complementos\",\"margin\":\"default\",\"meta_align\":\"below-title\",\"meta_element\":\"div\",\"meta_style\":\"text-meta\",\"text_align\":\"center\",\"title\":\"COMPLEMENTOS\",\"title_align\":\"top\",\"title_element\":\"h3\",\"title_grid_breakpoint\":\"m\",\"title_grid_width\":\"1-2\",\"title_hover_style\":\"reset\"}}]}]},{\"type\":\"row\",\"children\":[{\"type\":\"column\",\"props\":{\"image_position\":\"center-center\",\"media_overlay_gradient\":\"\",\"position_sticky_breakpoint\":\"m\"},\"children\":[{\"type\":\"image\",\"props\":{\"image\":\"https:\\\/\\\/floristeriamerapalencia.com\\\/wp\\\/wp-content\\\/uploads\\\/2021\\\/01\\\/132061625_2796351660639305_841008039279095064_o-600x600.jpg\",\"image_svg_color\":\"emphasis\",\"margin\":\"default\",\"text_align\":\"center\"}}]}]},{\"type\":\"row\",\"children\":[{\"type\":\"column\",\"props\":{\"image_position\":\"center-center\",\"media_overlay_gradient\":\"\",\"position_sticky_breakpoint\":\"m\"},\"children\":[{\"type\":\"text\",\"props\":{\"column_breakpoint\":\"m\",\"content\":\"\n\n<h3 class=\\\"title\\\">Quienes somos<\\\/h3>\\n\n\n<p>En\\u00a0Flores Mera\\u00a0ubicada en\\u00a0Palencia\\u00a0nos dedicamos a la elaboraci\\u00f3n de todo tipo de\\u00a0ramos florales, poniendo a su disposici\\u00f3n todo tipo de\\u00a0decoraciones\\u00a0florales y otros art\\u00edculos de regalo como\\u00a0mu\\u00f1ecas\\u00a0y\\u00a0peluches. Nuestros 30 a\\u00f1os de experiencia son la garant\\u00eda del mejor servicio y la m\\u00e1s alta calidad.<\\\/p>\\n\n\n<h3 class=\\\"title\\\">Que ofrecemos<\\\/h3>\\n\n\n<p>Ponemos a su disposici\\u00f3n todo tipo de\\u00a0coronas, ramos de novia, centros, adornos de iglesia, arte floral, plantas y regalos.<\\\/p>\\n\n\n<p>Realizamos nuestros encargos con la mayor seriedad y calidad.<\\\/p>\\n\n\n<p>\\u00bfBusca un ramo con encanto? No lo dude y contacte con nosotros, contamos con servicio a domicilio de entrega y pago telef\\u00f3nico con tarjeta de cr\\u00e9dito.<\\\/p>\\n\n\n<p>Vis\\u00edtenos, estaremos encantados en poder ayudarle.<\\\/p>\\n\n\n<h3 class=\\\"title\\\">Servicios<\\\/h3>\\n\n\n<h4>\\u2013 Forma de pago<\\\/h4>\\n\n\n<p>Con Tarjeta de Cr\\u00e9dito<\\\/p>\\n\n\n<h4>\\u2013 Reparto<\\\/h4>\\n\n\n<p>Entrega a domicilio<\\\/p>\",\"margin\":\"default\"}}]}]},{\"type\":\"row\",\"props\":{\"layout\":\"3-4,1-4\"},\"children\":[{\"type\":\"column\",\"props\":{\"image_position\":\"center-center\",\"media_overlay_gradient\":\"\",\"position_sticky_breakpoint\":\"m\",\"width_medium\":\"3-4\"},\"children\":[{\"type\":\"html\",\"props\":{\"content\":\"<iframe style=\\\"border: 0;\\\" src=\\\"https:\\\/\\\/www.google.com\\\/maps\\\/embed?pb=!1m14!1m8!1m3!1d11858.468517961202!2d-4.532251!3d42.0084918!3m2!1i1024!2i768!4f13.1!3m3!1m2!1s0x0%3A0x1c6ea2813ddc5c64!2sFlores%20Mera!5e0!3m2!1ses!2ses!4v1579169561357!5m2!1ses!2ses\\\" width=\\\"100%\\\" height=\\\"450\\\" frameborder=\\\"0\\\" allowfullscreen=\\\"allowfullscreen\\\"><\\\/iframe>\"}}]},{\"type\":\"column\",\"props\":{\"image_position\":\"center-center\",\"media_overlay_gradient\":\"\",\"position_sticky_breakpoint\":\"m\",\"width_medium\":\"1-4\"},\"children\":[{\"type\":\"text\",\"props\":{\"column_breakpoint\":\"m\",\"content\":\"\n\n<p>Calle Becerro de Bengoa, 2 - Bajo<br \\\/>34002 PALENCIA (Palencia)<\\\/p>\\n\n\n<p><span>\\u00a0 \\u00a0 \\u00a0 \\u00a0 \\u00a0<\\\/span><\\\/p>\\n\n\n<p>Email: \\u00a0<a href=\\\"mailto:floresmera@hotmail.com\\\">floresmera@hotmail.com<\\\/a><br \\\/>Tel\\u00e9fono:\\u00a0 <a href=\\\"tel:979 75 20 70\\\">979 75 20 70<\\\/a><br \\\/>M\\u00f3vil: \\u00a0<a href=\\\"tel:608 90 55 90\\\">608 90 55 90<\\\/a><\\\/p>\",\"margin\":\"default\"}}]}]}]}],\"version\":\"3.0.18\"} --><\/p>\n","protected":false},"excerpt":{"rendered":"<p>5988nueva 2164nueva thumbnail_IMG_20200805_160614-01-01nueva2 thumbnail_IMG_20200117_003427nueva Ayuntamiento Tulipanes (2) thumbnail_IMG-20200109-WA0008(1) RAMOS Quieres sorprender a tus seres m\u00e1s queridos, lucir especial ese d\u00eda \u00fanico ven a por los ramos de Flores Mera \u00a0 Ramos BODAS \u00bfTe gustar\u00eda contar con los Servicios de la mejor florister\u00eda para el d\u00eda de la boda? En Flores Mera os ayudaremos a crear [&hellip;]<\/p>\n","protected":false},"author":1,"featured_media":0,"parent":0,"menu_order":0,"comment_status":"closed","ping_status":"closed","template":"","meta":[],"acf":[],"yoast_head":"<!-- This site is optimized with the Yoast SEO plugin v20.0 - https:\/\/yoast.com\/wordpress\/plugins\/seo\/ -->\n<title>Florister\u00eda Mera tu tienda de Flores y detalles en Palencia - Floristeria Mera Palencia<\/title>\n<meta name=\"robots\" content=\"index, follow, max-snippet:-1, max-image-preview:large, max-video-preview:-1\" \/>\n<link rel=\"canonical\" href=\"https:\/\/floristeriamerapalencia.com\/wp\/\" \/>\n<meta property=\"og:locale\" content=\"es_ES\" \/>\n<meta property=\"og:type\" content=\"article\" \/>\n<meta property=\"og:title\" content=\"Florister\u00eda Mera tu tienda de Flores y detalles en Palencia - Floristeria Mera Palencia\" \/>\n<meta property=\"og:description\" content=\"5988nueva 2164nueva thumbnail_IMG_20200805_160614-01-01nueva2 thumbnail_IMG_20200117_003427nueva Ayuntamiento Tulipanes (2) thumbnail_IMG-20200109-WA0008(1) RAMOS Quieres sorprender a tus seres m\u00e1s queridos, lucir especial ese d\u00eda \u00fanico ven a por los ramos de Flores Mera \u00a0 Ramos BODAS \u00bfTe gustar\u00eda contar con los Servicios de la mejor florister\u00eda para el d\u00eda de la boda? En Flores Mera os ayudaremos a crear [&hellip;]\" \/>\n<meta property=\"og:url\" content=\"https:\/\/floristeriamerapalencia.com\/wp\/\" \/>\n<meta property=\"og:site_name\" content=\"Floristeria Mera Palencia\" \/>\n<meta property=\"article:modified_time\" content=\"2026-02-17T18:48:11+00:00\" \/>\n<meta property=\"og:image\" content=\"https:\/\/floristeriamerapalencia.com\/wp\/wp-content\/uploads\/2014\/12\/ramos-270x250.png\" \/>\n<meta name=\"twitter:card\" content=\"summary_large_image\" \/>\n<script type=\"application\/ld+json\" class=\"yoast-schema-graph\">{\"@context\":\"https:\/\/schema.org\",\"@graph\":[{\"@type\":\"WebPage\",\"@id\":\"https:\/\/floristeriamerapalencia.com\/wp\/\",\"url\":\"https:\/\/floristeriamerapalencia.com\/wp\/\",\"name\":\"Florister\u00eda Mera tu tienda de Flores y detalles en Palencia - Floristeria Mera Palencia\",\"isPartOf\":{\"@id\":\"https:\/\/floristeriamerapalencia.com\/wp\/#website\"},\"datePublished\":\"2023-02-09T17:53:57+00:00\",\"dateModified\":\"2026-02-17T18:48:11+00:00\",\"breadcrumb\":{\"@id\":\"https:\/\/floristeriamerapalencia.com\/wp\/#breadcrumb\"},\"inLanguage\":\"es\",\"potentialAction\":[{\"@type\":\"ReadAction\",\"target\":[\"https:\/\/floristeriamerapalencia.com\/wp\/\"]}]},{\"@type\":\"BreadcrumbList\",\"@id\":\"https:\/\/floristeriamerapalencia.com\/wp\/#breadcrumb\",\"itemListElement\":[{\"@type\":\"ListItem\",\"position\":1,\"name\":\"Portada\",\"item\":\"https:\/\/floristeriamerapalencia.com\/wp\/\"},{\"@type\":\"ListItem\",\"position\":2,\"name\":\"Florister\u00eda Mera tu tienda de Flores y detalles en Palencia\"}]},{\"@type\":\"WebSite\",\"@id\":\"https:\/\/floristeriamerapalencia.com\/wp\/#website\",\"url\":\"https:\/\/floristeriamerapalencia.com\/wp\/\",\"name\":\"Floristeria Mera Palencia\",\"description\":\"Florister\u00eda Mera, tu tienda de detalles y flores de confianza en Palencia\",\"potentialAction\":[{\"@type\":\"SearchAction\",\"target\":{\"@type\":\"EntryPoint\",\"urlTemplate\":\"https:\/\/floristeriamerapalencia.com\/wp\/?s={search_term_string}\"},\"query-input\":\"required name=search_term_string\"}],\"inLanguage\":\"es\"}]}<\/script>\n<!-- \/ Yoast SEO plugin. -->","yoast_head_json":{"title":"Florister\u00eda Mera tu tienda de Flores y detalles en Palencia - Floristeria Mera Palencia","robots":{"index":"index","follow":"follow","max-snippet":"max-snippet:-1","max-image-preview":"max-image-preview:large","max-video-preview":"max-video-preview:-1"},"canonical":"https:\/\/floristeriamerapalencia.com\/wp\/","og_locale":"es_ES","og_type":"article","og_title":"Florister\u00eda Mera tu tienda de Flores y detalles en Palencia - Floristeria Mera Palencia","og_description":"5988nueva 2164nueva thumbnail_IMG_20200805_160614-01-01nueva2 thumbnail_IMG_20200117_003427nueva Ayuntamiento Tulipanes (2) thumbnail_IMG-20200109-WA0008(1) RAMOS Quieres sorprender a tus seres m\u00e1s queridos, lucir especial ese d\u00eda \u00fanico ven a por los ramos de Flores Mera \u00a0 Ramos BODAS \u00bfTe gustar\u00eda contar con los Servicios de la mejor florister\u00eda para el d\u00eda de la boda? En Flores Mera os ayudaremos a crear [&hellip;]","og_url":"https:\/\/floristeriamerapalencia.com\/wp\/","og_site_name":"Floristeria Mera Palencia","article_modified_time":"2026-02-17T18:48:11+00:00","og_image":[{"url":"https:\/\/floristeriamerapalencia.com\/wp\/wp-content\/uploads\/2014\/12\/ramos-270x250.png"}],"twitter_card":"summary_large_image","schema":{"@context":"https:\/\/schema.org","@graph":[{"@type":"WebPage","@id":"https:\/\/floristeriamerapalencia.com\/wp\/","url":"https:\/\/floristeriamerapalencia.com\/wp\/","name":"Florister\u00eda Mera tu tienda de Flores y detalles en Palencia - Floristeria Mera Palencia","isPartOf":{"@id":"https:\/\/floristeriamerapalencia.com\/wp\/#website"},"datePublished":"2023-02-09T17:53:57+00:00","dateModified":"2026-02-17T18:48:11+00:00","breadcrumb":{"@id":"https:\/\/floristeriamerapalencia.com\/wp\/#breadcrumb"},"inLanguage":"es","potentialAction":[{"@type":"ReadAction","target":["https:\/\/floristeriamerapalencia.com\/wp\/"]}]},{"@type":"BreadcrumbList","@id":"https:\/\/floristeriamerapalencia.com\/wp\/#breadcrumb","itemListElement":[{"@type":"ListItem","position":1,"name":"Portada","item":"https:\/\/floristeriamerapalencia.com\/wp\/"},{"@type":"ListItem","position":2,"name":"Florister\u00eda Mera tu tienda de Flores y detalles en Palencia"}]},{"@type":"WebSite","@id":"https:\/\/floristeriamerapalencia.com\/wp\/#website","url":"https:\/\/floristeriamerapalencia.com\/wp\/","name":"Floristeria Mera Palencia","description":"Florister\u00eda Mera, tu tienda de detalles y flores de confianza en Palencia","potentialAction":[{"@type":"SearchAction","target":{"@type":"EntryPoint","urlTemplate":"https:\/\/floristeriamerapalencia.com\/wp\/?s={search_term_string}"},"query-input":"required name=search_term_string"}],"inLanguage":"es"}]}},"_links":{"self":[{"href":"https:\/\/floristeriamerapalencia.com\/wp\/index.php?rest_route=\/wp\/v2\/pages\/3612"}],"collection":[{"href":"https:\/\/floristeriamerapalencia.com\/wp\/index.php?rest_route=\/wp\/v2\/pages"}],"about":[{"href":"https:\/\/floristeriamerapalencia.com\/wp\/index.php?rest_route=\/wp\/v2\/types\/page"}],"author":[{"embeddable":true,"href":"https:\/\/floristeriamerapalencia.com\/wp\/index.php?rest_route=\/wp\/v2\/users\/1"}],"replies":[{"embeddable":true,"href":"https:\/\/floristeriamerapalencia.com\/wp\/index.php?rest_route=%2Fwp%2Fv2%2Fcomments&post=3612"}],"version-history":[{"count":35,"href":"https:\/\/floristeriamerapalencia.com\/wp\/index.php?rest_route=\/wp\/v2\/pages\/3612\/revisions"}],"predecessor-version":[{"id":3886,"href":"https:\/\/floristeriamerapalencia.com\/wp\/index.php?rest_route=\/wp\/v2\/pages\/3612\/revisions\/3886"}],"wp:attachment":[{"href":"https:\/\/floristeriamerapalencia.com\/wp\/index.php?rest_route=%2Fwp%2Fv2%2Fmedia&parent=3612"}],"curies":[{"name":"wp","href":"https:\/\/api.w.org\/{rel}","templated":true}]}}