{"id":33,"date":"2014-12-04T11:12:30","date_gmt":"2014-12-04T11:12:30","guid":{"rendered":"http:\/\/floristeriamerapalencia.com\/wp\/?page_id=33"},"modified":"2020-01-21T12:13:22","modified_gmt":"2020-01-21T12:13:22","slug":"bodas","status":"publish","type":"page","link":"https:\/\/floristeriamerapalencia.com\/wp\/?page_id=33","title":{"rendered":"BODAS"},"content":{"rendered":"<p><strong>El d\u00eda de tu boda es uno de esos d\u00edas que se guarda en el recuerdo<\/strong> y que todo tiene que ir sobre ruedas , hay muchos detalles que tienen que lucir de una manera especial y que no se deben dejar en el aire por eso desde\u00a0<strong>Florister\u00eda\u00a0Mera\u00a0<\/strong>queremos asesorarte en todos aquellos detalles que podemos ser participes<\/p>\n<h2 style=\"text-align: center;\">\u00a0 \n\n<div id=\"wk-grid453\" class=\"wk-grid-width-1-1 wk-grid-width-small-1-3 wk-grid-width-medium-1-3 wk-grid-width-large-1-3 wk-grid-width-xlarge-1-3 wk-grid wk-grid-match wk-text-center \" data-wk-grid-match=\"{target:'> div > .wk-panel', row:true}\" data-wk-grid-margin  data-wk-scrollspy=\"{cls:'wk-animation-fade wk-invisible', target:'> div > .wk-panel', delay:300}\">\n\n\n    <div>\n        <div class=\"wk-panel wk-invisible\">\n\n            \n            \n                        <div class=\"wk-text-center wk-margin wk-margin-top-remove\"><div class=\"wk-overlay wk-overlay-hover wk-border-rounded\"><img src=\"\/wp\/wp-content\/plugins\/widgetkit\/cache\/IMG-20200107-WA0044-01-2-0c6e50b491c670979887f26f9855f2ba.jpeg\" class=\"wk-border-rounded wk-overlay-scale\" alt=\"Ramos de Novia\" width=\"200\"><div class=\"wk-overlay-panel wk-overlay-background wk-overlay-icon wk-overlay-fade\"><\/div><a class=\"wk-position-cover\" href=\"http:\/\/floristeriamerapalencia.com\/wp\/?page_id=1729\" title=\"Ramos de Novia\"><\/a><\/div><\/div>\n            \n            \n                        <h3 class=\"wk-panel-title wk-margin-bottom-remove\">\n\n                                    <a class=\"wk-link-reset\" href=\"http:\/\/floristeriamerapalencia.com\/wp\/?page_id=1729\">Ramos de Novia<\/a>\n                \n                \n            <\/h3>\n            \n            \n            \n            \n            \n            \n            \n        <\/div>\n    <\/div>\n\n\n    <div>\n        <div class=\"wk-panel wk-invisible\">\n\n            \n            \n                        <div class=\"wk-text-center wk-margin wk-margin-top-remove\"><div class=\"wk-overlay wk-overlay-hover wk-border-rounded\"><img src=\"\/wp\/wp-content\/plugins\/widgetkit\/cache\/20190705_135727-01-2-1-scaled-86fc481479d23bccedf6bbebe54eab18.jpg\" class=\"wk-border-rounded wk-overlay-scale\" alt=\"Prendidos y complementos\" width=\"200\"><div class=\"wk-overlay-panel wk-overlay-background wk-overlay-icon wk-overlay-fade\"><\/div><a class=\"wk-position-cover\" href=\"http:\/\/floristeriamerapalencia.com\/wp\/?page_id=1771\" title=\"Prendidos y complementos\"><\/a><\/div><\/div>\n            \n            \n                        <h3 class=\"wk-panel-title wk-margin-bottom-remove wk-margin-bottom-remove\">\n\n                                    <a class=\"wk-link-reset\" href=\"http:\/\/floristeriamerapalencia.com\/wp\/?page_id=1771\">Prendidos y complementos<\/a>\n                \n                \n            <\/h3>\n            \n            \n            \n            \n            \n            \n            \n        <\/div>\n    <\/div>\n\n\n    <div>\n        <div class=\"wk-panel wk-invisible\">\n\n            \n            \n                        <div class=\"wk-text-center wk-margin wk-margin-top-remove\"><div class=\"wk-overlay wk-overlay-hover wk-border-rounded\"><img src=\"\/wp\/wp-content\/plugins\/widgetkit\/cache\/thumbnail_IMG-20200109-WA0010-0d88e6b6529b6507a6610809e8a20d7c.jpg\" class=\"wk-border-rounded wk-overlay-scale\" alt=\"Ceremonia\" width=\"200\"><div class=\"wk-overlay-panel wk-overlay-background wk-overlay-icon wk-overlay-fade\"><\/div><a class=\"wk-position-cover\" href=\"http:\/\/floristeriamerapalencia.com\/wp\/?page_id=1787\" title=\"Ceremonia\"><\/a><\/div><\/div>\n            \n            \n                        <h3 class=\"wk-panel-title wk-margin-bottom-remove wk-margin-bottom-remove wk-margin-bottom-remove\">\n\n                                    <a class=\"wk-link-reset\" href=\"http:\/\/floristeriamerapalencia.com\/wp\/?page_id=1787\">Ceremonia<\/a>\n                \n                \n            <\/h3>\n            \n            \n            \n            \n            \n            \n            \n        <\/div>\n    <\/div>\n\n\n<\/div>\n\n<script>\n(function($){\n\n    \/\/ get the images of the gallery and replace it by a canvas of the same size to fix the problem with overlapping images on load.\n    $('img[width][height]:not(.wk-overlay-panel)', $('#wk-grid453')).each(function() {\n\n        var $img = $(this);\n\n        if (this.width == 'auto' || this.height == 'auto' || !$img.is(':visible')) {\n            return;\n        }\n\n        var $canvas = $('<canvas class=\"wk-responsive-width\"><\/canvas>').attr({width:$img.attr('width'), height:$img.attr('height')}),\n            img = new Image,\n            release = function() {\n                $canvas.remove();\n                $img.css('display', '');\n                release = function(){};\n            };\n\n        $img.css('display', 'none').after($canvas);\n\n        $(img).on('load', function(){ release(); });\n        setTimeout(function(){ release(); }, 1000);\n\n        img.src = this.src;\n\n    });\n\n})(jQuery);\n<\/script>\n<\/h2>\n<p style=\"text-align: justify;\">En <strong>Flores Mera<\/strong> os ayudaremos a crear de el mejor ambiente para ese d\u00eda tan especial. Ramos de novia, Plantas y Flores para lo que necesit\u00e9is del tanto en bodas eclesi\u00e1sticas como bodas civiles.<\/p>\n<p style=\"text-align: justify;\">Contamos con todo lo necesario para la ocasi\u00f3n:<\/p>\n<p style=\"text-align: justify;\">En Florister\u00eda Mera contamos con Diferentes Propuestas Que os ayudar\u00e1n en vuestras Necesidades en Cuanto a la boda:<\/p>\n<ul>\n<li>Ramos de novia\n<ul>\n<li>Ramos de novia tipo Bouquet<\/li>\n<li>Ramos de novia peque\u00f1os<\/li>\n<li>Ramos de novia escalonados<\/li>\n<li>Ramos de novia con Ca\u00edda<\/li>\n<li>Otros Estilos de ramos<\/li>\n<\/ul>\n<\/li>\n<\/ul>\n<ul>\n<li>Regalos Especiales<\/li>\n<\/ul>\n<ul>\n<li>Banquetes\n<ul>\n<li>Centros de mesa<\/li>\n<li>Exteriores Decoraci\u00f3n<\/li>\n<li>Interiores Decoraci\u00f3n<\/li>\n<\/ul>\n<\/li>\n<\/ul>\n<ul>\n<li>Arreglos de iglesia<\/li>\n<\/ul>\n<ul>\n<li>Arreglos de Coche<\/li>\n<\/ul>\n<ul>\n<li>Complementos\n<ul>\n<li>Flores para el pelo<\/li>\n<li>Detalles<\/li>\n<li>P\u00e9talo<\/li>\n<\/ul>\n<\/li>\n<\/ul>\n<h2 style=\"text-align: left;\"><\/h2>\n<h2><\/h2>\n<h2><\/h2>\n","protected":false},"excerpt":{"rendered":"<p>El d\u00eda de tu boda es uno de esos d\u00edas que se guarda en el recuerdo y que todo tiene que ir sobre ruedas , hay muchos detalles que tienen que lucir de una manera especial y que no se deben dejar en el aire por eso desde\u00a0Florister\u00eda\u00a0Mera\u00a0queremos asesorarte en todos aquellos detalles que podemos [&hellip;]<\/p>\n","protected":false},"author":1,"featured_media":108,"parent":0,"menu_order":0,"comment_status":"open","ping_status":"open","template":"","meta":[],"acf":[],"yoast_head":"<!-- This site is optimized with the Yoast SEO plugin v20.0 - https:\/\/yoast.com\/wordpress\/plugins\/seo\/ -->\n<title>Bodas- Florister\u00eda Mera Palencia<\/title>\n<meta name=\"description\" content=\"adornos,bodas,flores,palencia,floristeria,novios,novias,ramos,bouquet\" \/>\n<meta name=\"robots\" content=\"index, follow, max-snippet:-1, max-image-preview:large, max-video-preview:-1\" \/>\n<link rel=\"canonical\" href=\"https:\/\/floristeriamerapalencia.com\/wp\/?page_id=33\" \/>\n<meta property=\"og:locale\" content=\"es_ES\" \/>\n<meta property=\"og:type\" content=\"article\" \/>\n<meta property=\"og:title\" content=\"Bodas- Florister\u00eda Mera Palencia\" \/>\n<meta property=\"og:description\" content=\"adornos,bodas,flores,palencia,floristeria,novios,novias,ramos,bouquet\" \/>\n<meta property=\"og:url\" content=\"https:\/\/floristeriamerapalencia.com\/wp\/?page_id=33\" \/>\n<meta property=\"og:site_name\" content=\"Floristeria Mera Palencia\" \/>\n<meta property=\"article:modified_time\" content=\"2020-01-21T12:13:22+00:00\" \/>\n<meta property=\"og:image\" content=\"https:\/\/floristeriamerapalencia.com\/wp\/wp-content\/uploads\/2014\/12\/bodas.png\" \/>\n\t<meta property=\"og:image:width\" content=\"970\" \/>\n\t<meta property=\"og:image:height\" content=\"680\" \/>\n\t<meta property=\"og:image:type\" content=\"image\/png\" \/>\n<meta name=\"twitter:card\" content=\"summary_large_image\" \/>\n<meta name=\"twitter:label1\" content=\"Tiempo de lectura\" \/>\n\t<meta name=\"twitter:data1\" content=\"1 minuto\" \/>\n<script type=\"application\/ld+json\" class=\"yoast-schema-graph\">{\"@context\":\"https:\/\/schema.org\",\"@graph\":[{\"@type\":\"WebPage\",\"@id\":\"https:\/\/floristeriamerapalencia.com\/wp\/?page_id=33\",\"url\":\"https:\/\/floristeriamerapalencia.com\/wp\/?page_id=33\",\"name\":\"Bodas- Florister\u00eda Mera Palencia\",\"isPartOf\":{\"@id\":\"https:\/\/floristeriamerapalencia.com\/wp\/#website\"},\"datePublished\":\"2014-12-04T11:12:30+00:00\",\"dateModified\":\"2020-01-21T12:13:22+00:00\",\"description\":\"adornos,bodas,flores,palencia,floristeria,novios,novias,ramos,bouquet\",\"breadcrumb\":{\"@id\":\"https:\/\/floristeriamerapalencia.com\/wp\/?page_id=33#breadcrumb\"},\"inLanguage\":\"es\",\"potentialAction\":[{\"@type\":\"ReadAction\",\"target\":[\"https:\/\/floristeriamerapalencia.com\/wp\/?page_id=33\"]}]},{\"@type\":\"BreadcrumbList\",\"@id\":\"https:\/\/floristeriamerapalencia.com\/wp\/?page_id=33#breadcrumb\",\"itemListElement\":[{\"@type\":\"ListItem\",\"position\":1,\"name\":\"Portada\",\"item\":\"https:\/\/floristeriamerapalencia.com\/wp\/\"},{\"@type\":\"ListItem\",\"position\":2,\"name\":\"BODAS\"}]},{\"@type\":\"WebSite\",\"@id\":\"https:\/\/floristeriamerapalencia.com\/wp\/#website\",\"url\":\"https:\/\/floristeriamerapalencia.com\/wp\/\",\"name\":\"Floristeria Mera Palencia\",\"description\":\"Florister\u00eda Mera, tu tienda de detalles y flores de confianza en Palencia\",\"potentialAction\":[{\"@type\":\"SearchAction\",\"target\":{\"@type\":\"EntryPoint\",\"urlTemplate\":\"https:\/\/floristeriamerapalencia.com\/wp\/?s={search_term_string}\"},\"query-input\":\"required name=search_term_string\"}],\"inLanguage\":\"es\"}]}<\/script>\n<!-- \/ Yoast SEO plugin. -->","yoast_head_json":{"title":"Bodas- Florister\u00eda Mera Palencia","description":"adornos,bodas,flores,palencia,floristeria,novios,novias,ramos,bouquet","robots":{"index":"index","follow":"follow","max-snippet":"max-snippet:-1","max-image-preview":"max-image-preview:large","max-video-preview":"max-video-preview:-1"},"canonical":"https:\/\/floristeriamerapalencia.com\/wp\/?page_id=33","og_locale":"es_ES","og_type":"article","og_title":"Bodas- Florister\u00eda Mera Palencia","og_description":"adornos,bodas,flores,palencia,floristeria,novios,novias,ramos,bouquet","og_url":"https:\/\/floristeriamerapalencia.com\/wp\/?page_id=33","og_site_name":"Floristeria Mera Palencia","article_modified_time":"2020-01-21T12:13:22+00:00","og_image":[{"width":970,"height":680,"url":"https:\/\/floristeriamerapalencia.com\/wp\/wp-content\/uploads\/2014\/12\/bodas.png","type":"image\/png"}],"twitter_card":"summary_large_image","twitter_misc":{"Tiempo de lectura":"1 minuto"},"schema":{"@context":"https:\/\/schema.org","@graph":[{"@type":"WebPage","@id":"https:\/\/floristeriamerapalencia.com\/wp\/?page_id=33","url":"https:\/\/floristeriamerapalencia.com\/wp\/?page_id=33","name":"Bodas- Florister\u00eda Mera Palencia","isPartOf":{"@id":"https:\/\/floristeriamerapalencia.com\/wp\/#website"},"datePublished":"2014-12-04T11:12:30+00:00","dateModified":"2020-01-21T12:13:22+00:00","description":"adornos,bodas,flores,palencia,floristeria,novios,novias,ramos,bouquet","breadcrumb":{"@id":"https:\/\/floristeriamerapalencia.com\/wp\/?page_id=33#breadcrumb"},"inLanguage":"es","potentialAction":[{"@type":"ReadAction","target":["https:\/\/floristeriamerapalencia.com\/wp\/?page_id=33"]}]},{"@type":"BreadcrumbList","@id":"https:\/\/floristeriamerapalencia.com\/wp\/?page_id=33#breadcrumb","itemListElement":[{"@type":"ListItem","position":1,"name":"Portada","item":"https:\/\/floristeriamerapalencia.com\/wp\/"},{"@type":"ListItem","position":2,"name":"BODAS"}]},{"@type":"WebSite","@id":"https:\/\/floristeriamerapalencia.com\/wp\/#website","url":"https:\/\/floristeriamerapalencia.com\/wp\/","name":"Floristeria Mera Palencia","description":"Florister\u00eda Mera, tu tienda de detalles y flores de confianza en Palencia","potentialAction":[{"@type":"SearchAction","target":{"@type":"EntryPoint","urlTemplate":"https:\/\/floristeriamerapalencia.com\/wp\/?s={search_term_string}"},"query-input":"required name=search_term_string"}],"inLanguage":"es"}]}},"_links":{"self":[{"href":"https:\/\/floristeriamerapalencia.com\/wp\/index.php?rest_route=\/wp\/v2\/pages\/33"}],"collection":[{"href":"https:\/\/floristeriamerapalencia.com\/wp\/index.php?rest_route=\/wp\/v2\/pages"}],"about":[{"href":"https:\/\/floristeriamerapalencia.com\/wp\/index.php?rest_route=\/wp\/v2\/types\/page"}],"author":[{"embeddable":true,"href":"https:\/\/floristeriamerapalencia.com\/wp\/index.php?rest_route=\/wp\/v2\/users\/1"}],"replies":[{"embeddable":true,"href":"https:\/\/floristeriamerapalencia.com\/wp\/index.php?rest_route=%2Fwp%2Fv2%2Fcomments&post=33"}],"version-history":[{"count":42,"href":"https:\/\/floristeriamerapalencia.com\/wp\/index.php?rest_route=\/wp\/v2\/pages\/33\/revisions"}],"predecessor-version":[{"id":3267,"href":"https:\/\/floristeriamerapalencia.com\/wp\/index.php?rest_route=\/wp\/v2\/pages\/33\/revisions\/3267"}],"wp:featuredmedia":[{"embeddable":true,"href":"https:\/\/floristeriamerapalencia.com\/wp\/index.php?rest_route=\/wp\/v2\/media\/108"}],"wp:attachment":[{"href":"https:\/\/floristeriamerapalencia.com\/wp\/index.php?rest_route=%2Fwp%2Fv2%2Fmedia&parent=33"}],"curies":[{"name":"wp","href":"https:\/\/api.w.org\/{rel}","templated":true}]}}