{"id":31,"date":"2014-12-04T11:11:49","date_gmt":"2014-12-04T11:11:49","guid":{"rendered":"http:\/\/floristeriamerapalencia.com\/wp\/?page_id=31"},"modified":"2020-01-13T16:23:35","modified_gmt":"2020-01-13T16:23:35","slug":"complementos","status":"publish","type":"page","link":"https:\/\/floristeriamerapalencia.com\/wp\/?page_id=31","title":{"rendered":"COMPLEMENTOS"},"content":{"rendered":"<p>Completa tus flores con los mejores complementos. En Flores Mera contamos con Juguetes cl\u00e1sicos, Mariquita P\u00e9rez, mu\u00f1ecas, mu\u00f1ecas de comuni\u00f3n, peluches, etc. que convertir\u00e1n tus flores en el regalo ideal.<\/p>\n\n\n<p><br>\n\n<div id=\"wk-grid370\" class=\"wk-grid-width-1-1 wk-grid-width-small-1-3 wk-grid-width-medium-1-4 wk-grid-width-large-1-4 wk-grid-width-xlarge-1-5 \" data-wk-grid=\"{gutter: ' 20'}\"  data-wk-scrollspy=\"{cls:'wk-animation-slide-top wk-invisible', target:'> div > .wk-panel', delay:300}\">\n\n    \n    <div>\n    \n<div class=\"wk-panel wk-invisible\">\n\n    <div class=\"wk-panel-teaser\">\n\n        <figure class=\"wk-overlay wk-overlay-hover \">\n\n            <img src=\"\/wp\/wp-content\/uploads\/2020\/01\/20171125_115054-01-2-scaled.jpg\" class=\"wk-overlay-scale\" alt=\"Complementos\" width=\"1440\" height=\"2560\">\n            \n                        <div class=\"wk-overlay-panel wk-overlay-background wk-overlay-fade\"><\/div>\n            \n                            <div class=\"wk-overlay-panel wk-overlay-icon wk-overlay-fade\"><\/div>\n            \n                                                                        <a class=\"wk-position-cover\" href=\"\/wp\/wp-content\/uploads\/2020\/01\/20171125_115054-01-2-scaled.jpg\" data-lightbox-type=\"image\" data-wk-lightbox=\"{group:'.wk-1370'}\" title=\"Complementos\"><\/a>\n                                                \n        <\/figure>\n\n    <\/div>\n\n    \n        \n        \n    \n<\/div>\n    <\/div>\n\n        \n    <div>\n    \n<div class=\"wk-panel wk-invisible\">\n\n    <div class=\"wk-panel-teaser\">\n\n        <figure class=\"wk-overlay wk-overlay-hover \">\n\n            <img src=\"\/wp\/wp-content\/uploads\/2020\/01\/Complementos_2018_Flores_Mera-1.jpg\" class=\"wk-overlay-scale\" alt=\"Complementos\" width=\"2048\" height=\"1536\">\n            \n                        <div class=\"wk-overlay-panel wk-overlay-background wk-overlay-fade\"><\/div>\n            \n                            <div class=\"wk-overlay-panel wk-overlay-icon wk-overlay-fade\"><\/div>\n            \n                                                                        <a class=\"wk-position-cover\" href=\"\/wp\/wp-content\/uploads\/2020\/01\/Complementos_2018_Flores_Mera-1.jpg\" data-lightbox-type=\"image\" data-wk-lightbox=\"{group:'.wk-1370'}\" title=\"Complementos\"><\/a>\n                                                \n        <\/figure>\n\n    <\/div>\n\n    \n        \n        \n    \n<\/div>\n    <\/div>\n\n        \n    <div>\n    \n<div class=\"wk-panel wk-invisible\">\n\n    <div class=\"wk-panel-teaser\">\n\n        <figure class=\"wk-overlay wk-overlay-hover \">\n\n            <img src=\"\/wp\/wp-content\/uploads\/2020\/01\/Complementos_2018_Flores_Mera-2.jpg\" class=\"wk-overlay-scale\" alt=\"Complementos\" width=\"900\" height=\"1600\">\n            \n                        <div class=\"wk-overlay-panel wk-overlay-background wk-overlay-fade\"><\/div>\n            \n                            <div class=\"wk-overlay-panel wk-overlay-icon wk-overlay-fade\"><\/div>\n            \n                                                                        <a class=\"wk-position-cover\" href=\"\/wp\/wp-content\/uploads\/2020\/01\/Complementos_2018_Flores_Mera-2.jpg\" data-lightbox-type=\"image\" data-wk-lightbox=\"{group:'.wk-1370'}\" title=\"Complementos\"><\/a>\n                                                \n        <\/figure>\n\n    <\/div>\n\n    \n        \n        \n    \n<\/div>\n    <\/div>\n\n        \n    <div>\n    \n<div class=\"wk-panel wk-invisible\">\n\n    <div class=\"wk-panel-teaser\">\n\n        <figure class=\"wk-overlay wk-overlay-hover \">\n\n            <img src=\"\/wp\/wp-content\/uploads\/2020\/01\/Complementos_2018_Flores_Mera-3.jpg\" class=\"wk-overlay-scale\" alt=\"Complementos\" width=\"1536\" height=\"2048\">\n            \n                        <div class=\"wk-overlay-panel wk-overlay-background wk-overlay-fade\"><\/div>\n            \n                            <div class=\"wk-overlay-panel wk-overlay-icon wk-overlay-fade\"><\/div>\n            \n                                                                        <a class=\"wk-position-cover\" href=\"\/wp\/wp-content\/uploads\/2020\/01\/Complementos_2018_Flores_Mera-3.jpg\" data-lightbox-type=\"image\" data-wk-lightbox=\"{group:'.wk-1370'}\" title=\"Complementos\"><\/a>\n                                                \n        <\/figure>\n\n    <\/div>\n\n    \n        \n        \n    \n<\/div>\n    <\/div>\n\n        \n    <div>\n    \n<div class=\"wk-panel wk-invisible\">\n\n    <div class=\"wk-panel-teaser\">\n\n        <figure class=\"wk-overlay wk-overlay-hover \">\n\n            <img src=\"\/wp\/wp-content\/uploads\/2020\/01\/Complementos_2018_Flores_Mera-7.jpg\" class=\"wk-overlay-scale\" alt=\"Complementos\" width=\"900\" height=\"1600\">\n            \n                        <div class=\"wk-overlay-panel wk-overlay-background wk-overlay-fade\"><\/div>\n            \n                            <div class=\"wk-overlay-panel wk-overlay-icon wk-overlay-fade\"><\/div>\n            \n                                                                        <a class=\"wk-position-cover\" href=\"\/wp\/wp-content\/uploads\/2020\/01\/Complementos_2018_Flores_Mera-7.jpg\" data-lightbox-type=\"image\" data-wk-lightbox=\"{group:'.wk-1370'}\" title=\"Complementos\"><\/a>\n                                                \n        <\/figure>\n\n    <\/div>\n\n    \n        \n        \n    \n<\/div>\n    <\/div>\n\n        \n    <div>\n    \n<div class=\"wk-panel wk-invisible\">\n\n    <div class=\"wk-panel-teaser\">\n\n        <figure class=\"wk-overlay wk-overlay-hover \">\n\n            <img src=\"\/wp\/wp-content\/uploads\/2020\/01\/Complementos_2018_Flores_Mera-8.jpg\" class=\"wk-overlay-scale\" alt=\"Complementos\" width=\"2048\" height=\"1536\">\n            \n                        <div class=\"wk-overlay-panel wk-overlay-background wk-overlay-fade\"><\/div>\n            \n                            <div class=\"wk-overlay-panel wk-overlay-icon wk-overlay-fade\"><\/div>\n            \n                                                                        <a class=\"wk-position-cover\" href=\"\/wp\/wp-content\/uploads\/2020\/01\/Complementos_2018_Flores_Mera-8.jpg\" data-lightbox-type=\"image\" data-wk-lightbox=\"{group:'.wk-1370'}\" title=\"Complementos\"><\/a>\n                                                \n        <\/figure>\n\n    <\/div>\n\n    \n        \n        \n    \n<\/div>\n    <\/div>\n\n        \n    <div>\n    \n<div class=\"wk-panel wk-invisible\">\n\n    <div class=\"wk-panel-teaser\">\n\n        <figure class=\"wk-overlay wk-overlay-hover \">\n\n            <img src=\"\/wp\/wp-content\/uploads\/2020\/01\/Complementos_2018_Flores_Mera-9.jpg\" class=\"wk-overlay-scale\" alt=\"Complementos\" width=\"1400\" height=\"933\">\n            \n                        <div class=\"wk-overlay-panel wk-overlay-background wk-overlay-fade\"><\/div>\n            \n                            <div class=\"wk-overlay-panel wk-overlay-icon wk-overlay-fade\"><\/div>\n            \n                                                                        <a class=\"wk-position-cover\" href=\"\/wp\/wp-content\/uploads\/2020\/01\/Complementos_2018_Flores_Mera-9.jpg\" data-lightbox-type=\"image\" data-wk-lightbox=\"{group:'.wk-1370'}\" title=\"Complementos\"><\/a>\n                                                \n        <\/figure>\n\n    <\/div>\n\n    \n        \n        \n    \n<\/div>\n    <\/div>\n\n        \n    <div>\n    \n<div class=\"wk-panel wk-invisible\">\n\n    <div class=\"wk-panel-teaser\">\n\n        <figure class=\"wk-overlay wk-overlay-hover \">\n\n            <img src=\"\/wp\/wp-content\/uploads\/2020\/01\/Complementos_2018_Flores_Mera-10.jpg\" class=\"wk-overlay-scale\" alt=\"Complementos\" width=\"1400\" height=\"933\">\n            \n                        <div class=\"wk-overlay-panel wk-overlay-background wk-overlay-fade\"><\/div>\n            \n                            <div class=\"wk-overlay-panel wk-overlay-icon wk-overlay-fade\"><\/div>\n            \n                                                                        <a class=\"wk-position-cover\" href=\"\/wp\/wp-content\/uploads\/2020\/01\/Complementos_2018_Flores_Mera-10.jpg\" data-lightbox-type=\"image\" data-wk-lightbox=\"{group:'.wk-1370'}\" title=\"Complementos\"><\/a>\n                                                \n        <\/figure>\n\n    <\/div>\n\n    \n        \n        \n    \n<\/div>\n    <\/div>\n\n        \n    <div>\n    \n<div class=\"wk-panel wk-invisible\">\n\n    <div class=\"wk-panel-teaser\">\n\n        <figure class=\"wk-overlay wk-overlay-hover \">\n\n            <img src=\"\/wp\/wp-content\/uploads\/2020\/02\/Complementos-Flores-Mera-6-scaled.jpg\" class=\"wk-overlay-scale\" alt=\"Complementos\" width=\"2560\" height=\"1661\">\n            \n                        <div class=\"wk-overlay-panel wk-overlay-background wk-overlay-fade\"><\/div>\n            \n                            <div class=\"wk-overlay-panel wk-overlay-icon wk-overlay-fade\"><\/div>\n            \n                                                                        <a class=\"wk-position-cover\" href=\"\/wp\/wp-content\/uploads\/2020\/02\/Complementos-Flores-Mera-6-scaled.jpg\" data-lightbox-type=\"image\" data-wk-lightbox=\"{group:'.wk-1370'}\" title=\"Complementos\"><\/a>\n                                                \n        <\/figure>\n\n    <\/div>\n\n    \n        \n        \n    \n<\/div>\n    <\/div>\n\n        \n    <div>\n    \n<div class=\"wk-panel wk-invisible\">\n\n    <div class=\"wk-panel-teaser\">\n\n        <figure class=\"wk-overlay wk-overlay-hover \">\n\n            <img src=\"\/wp\/wp-content\/uploads\/2020\/02\/Complementos-Flores-Mera-7.jpg\" class=\"wk-overlay-scale\" alt=\"Complementos\" width=\"2353\" height=\"1595\">\n            \n                        <div class=\"wk-overlay-panel wk-overlay-background wk-overlay-fade\"><\/div>\n            \n                            <div class=\"wk-overlay-panel wk-overlay-icon wk-overlay-fade\"><\/div>\n            \n                                                                        <a class=\"wk-position-cover\" href=\"\/wp\/wp-content\/uploads\/2020\/02\/Complementos-Flores-Mera-7.jpg\" data-lightbox-type=\"image\" data-wk-lightbox=\"{group:'.wk-1370'}\" title=\"Complementos\"><\/a>\n                                                \n        <\/figure>\n\n    <\/div>\n\n    \n        \n        \n    \n<\/div>\n    <\/div>\n\n        \n    <div>\n    \n<div class=\"wk-panel wk-invisible\">\n\n    <div class=\"wk-panel-teaser\">\n\n        <figure class=\"wk-overlay wk-overlay-hover \">\n\n            <img src=\"\/wp\/wp-content\/uploads\/2020\/02\/Complementos-Flores-Mera-8.jpg\" class=\"wk-overlay-scale\" alt=\"Complementos\" width=\"1883\" height=\"2473\">\n            \n                        <div class=\"wk-overlay-panel wk-overlay-background wk-overlay-fade\"><\/div>\n            \n                            <div class=\"wk-overlay-panel wk-overlay-icon wk-overlay-fade\"><\/div>\n            \n                                                                        <a class=\"wk-position-cover\" href=\"\/wp\/wp-content\/uploads\/2020\/02\/Complementos-Flores-Mera-8.jpg\" data-lightbox-type=\"image\" data-wk-lightbox=\"{group:'.wk-1370'}\" title=\"Complementos\"><\/a>\n                                                \n        <\/figure>\n\n    <\/div>\n\n    \n        \n        \n    \n<\/div>\n    <\/div>\n\n        \n    <div>\n    \n<div class=\"wk-panel wk-invisible\">\n\n    <div class=\"wk-panel-teaser\">\n\n        <figure class=\"wk-overlay wk-overlay-hover \">\n\n            <img src=\"\/wp\/wp-content\/uploads\/2020\/02\/Complementos-Flores-Mera-9-scaled.jpg\" class=\"wk-overlay-scale\" alt=\"Complementos\" width=\"2560\" height=\"1920\">\n            \n                        <div class=\"wk-overlay-panel wk-overlay-background wk-overlay-fade\"><\/div>\n            \n                            <div class=\"wk-overlay-panel wk-overlay-icon wk-overlay-fade\"><\/div>\n            \n                                                                        <a class=\"wk-position-cover\" href=\"\/wp\/wp-content\/uploads\/2020\/02\/Complementos-Flores-Mera-9-scaled.jpg\" data-lightbox-type=\"image\" data-wk-lightbox=\"{group:'.wk-1370'}\" title=\"Complementos\"><\/a>\n                                                \n        <\/figure>\n\n    <\/div>\n\n    \n        \n        \n    \n<\/div>\n    <\/div>\n\n        \n    <div>\n    \n<div class=\"wk-panel wk-invisible\">\n\n    <div class=\"wk-panel-teaser\">\n\n        <figure class=\"wk-overlay wk-overlay-hover \">\n\n            <img src=\"\/wp\/wp-content\/uploads\/2020\/02\/Complementos-Flores-Mera-17-scaled.jpg\" class=\"wk-overlay-scale\" alt=\"Complementos\" width=\"2560\" height=\"1920\">\n            \n                        <div class=\"wk-overlay-panel wk-overlay-background wk-overlay-fade\"><\/div>\n            \n                            <div class=\"wk-overlay-panel wk-overlay-icon wk-overlay-fade\"><\/div>\n            \n                                                                        <a class=\"wk-position-cover\" href=\"\/wp\/wp-content\/uploads\/2020\/02\/Complementos-Flores-Mera-17-scaled.jpg\" data-lightbox-type=\"image\" data-wk-lightbox=\"{group:'.wk-1370'}\" title=\"Complementos\"><\/a>\n                                                \n        <\/figure>\n\n    <\/div>\n\n    \n        \n        \n    \n<\/div>\n    <\/div>\n\n    \n<\/div>\n\n\n<script>\n(function($){\n\n    \/\/ get the images of the gallery and replace it by a canvas of the same size to fix the problem with overlapping images on load.\n    $('img[width][height]:not(.wk-overlay-panel)', $('#wk-grid370')).each(function() {\n\n        var $img = $(this);\n\n        if (this.width == 'auto' || this.height == 'auto' || !$img.is(':visible')) {\n            return;\n        }\n\n        var $canvas = $('<canvas class=\"wk-responsive-width\"><\/canvas>').attr({width:$img.attr('width'), height:$img.attr('height')}),\n            img = new Image,\n            release = function() {\n                $canvas.remove();\n                $img.css('display', '');\n                release = function(){};\n            };\n\n        $img.css('display', 'none').after($canvas);\n\n        $(img).on('load', function(){ release(); });\n        setTimeout(function(){ release(); }, 1000);\n\n        img.src = this.src;\n\n    });\n\n})(jQuery);\n<\/script>\n<\/p>\n","protected":false},"excerpt":{"rendered":"<p>Completa tus flores con los mejores complementos. En Flores Mera contamos con Juguetes cl\u00e1sicos, Mariquita P\u00e9rez, mu\u00f1ecas, mu\u00f1ecas de comuni\u00f3n, peluches, etc. que convertir\u00e1n tus flores en el regalo ideal.<\/p>\n","protected":false},"author":1,"featured_media":111,"parent":0,"menu_order":0,"comment_status":"open","ping_status":"open","template":"","meta":[],"acf":[],"yoast_head":"<!-- This site is optimized with the Yoast SEO plugin v20.0 - https:\/\/yoast.com\/wordpress\/plugins\/seo\/ -->\n<title>Complementos-Florister\u00eda Mera Palencia<\/title>\n<meta name=\"description\" content=\"regalos,flores,peluches,florister\u00edas,palencia,flores,regalo\" \/>\n<meta name=\"robots\" content=\"index, follow, max-snippet:-1, max-image-preview:large, max-video-preview:-1\" \/>\n<link rel=\"canonical\" href=\"https:\/\/floristeriamerapalencia.com\/wp\/?page_id=31\" \/>\n<meta property=\"og:locale\" content=\"es_ES\" \/>\n<meta property=\"og:type\" content=\"article\" \/>\n<meta property=\"og:title\" content=\"Complementos-Florister\u00eda Mera Palencia\" \/>\n<meta property=\"og:description\" content=\"regalos,flores,peluches,florister\u00edas,palencia,flores,regalo\" \/>\n<meta property=\"og:url\" content=\"https:\/\/floristeriamerapalencia.com\/wp\/?page_id=31\" \/>\n<meta property=\"og:site_name\" content=\"Floristeria Mera Palencia\" \/>\n<meta property=\"article:modified_time\" content=\"2020-01-13T16:23:35+00:00\" \/>\n<meta property=\"og:image\" content=\"https:\/\/floristeriamerapalencia.com\/wp\/wp-content\/uploads\/2014\/12\/mu\u00f1eco.jpg\" \/>\n\t<meta property=\"og:image:width\" content=\"970\" \/>\n\t<meta property=\"og:image:height\" content=\"680\" \/>\n\t<meta property=\"og:image:type\" content=\"image\/jpeg\" \/>\n<meta name=\"twitter:card\" content=\"summary_large_image\" \/>\n<script type=\"application\/ld+json\" class=\"yoast-schema-graph\">{\"@context\":\"https:\/\/schema.org\",\"@graph\":[{\"@type\":\"WebPage\",\"@id\":\"https:\/\/floristeriamerapalencia.com\/wp\/?page_id=31\",\"url\":\"https:\/\/floristeriamerapalencia.com\/wp\/?page_id=31\",\"name\":\"Complementos-Florister\u00eda Mera Palencia\",\"isPartOf\":{\"@id\":\"https:\/\/floristeriamerapalencia.com\/wp\/#website\"},\"datePublished\":\"2014-12-04T11:11:49+00:00\",\"dateModified\":\"2020-01-13T16:23:35+00:00\",\"description\":\"regalos,flores,peluches,florister\u00edas,palencia,flores,regalo\",\"breadcrumb\":{\"@id\":\"https:\/\/floristeriamerapalencia.com\/wp\/?page_id=31#breadcrumb\"},\"inLanguage\":\"es\",\"potentialAction\":[{\"@type\":\"ReadAction\",\"target\":[\"https:\/\/floristeriamerapalencia.com\/wp\/?page_id=31\"]}]},{\"@type\":\"BreadcrumbList\",\"@id\":\"https:\/\/floristeriamerapalencia.com\/wp\/?page_id=31#breadcrumb\",\"itemListElement\":[{\"@type\":\"ListItem\",\"position\":1,\"name\":\"Portada\",\"item\":\"https:\/\/floristeriamerapalencia.com\/wp\/\"},{\"@type\":\"ListItem\",\"position\":2,\"name\":\"COMPLEMENTOS\"}]},{\"@type\":\"WebSite\",\"@id\":\"https:\/\/floristeriamerapalencia.com\/wp\/#website\",\"url\":\"https:\/\/floristeriamerapalencia.com\/wp\/\",\"name\":\"Floristeria Mera Palencia\",\"description\":\"Florister\u00eda Mera, tu tienda de detalles y flores de confianza en Palencia\",\"potentialAction\":[{\"@type\":\"SearchAction\",\"target\":{\"@type\":\"EntryPoint\",\"urlTemplate\":\"https:\/\/floristeriamerapalencia.com\/wp\/?s={search_term_string}\"},\"query-input\":\"required name=search_term_string\"}],\"inLanguage\":\"es\"}]}<\/script>\n<!-- \/ Yoast SEO plugin. -->","yoast_head_json":{"title":"Complementos-Florister\u00eda Mera Palencia","description":"regalos,flores,peluches,florister\u00edas,palencia,flores,regalo","robots":{"index":"index","follow":"follow","max-snippet":"max-snippet:-1","max-image-preview":"max-image-preview:large","max-video-preview":"max-video-preview:-1"},"canonical":"https:\/\/floristeriamerapalencia.com\/wp\/?page_id=31","og_locale":"es_ES","og_type":"article","og_title":"Complementos-Florister\u00eda Mera Palencia","og_description":"regalos,flores,peluches,florister\u00edas,palencia,flores,regalo","og_url":"https:\/\/floristeriamerapalencia.com\/wp\/?page_id=31","og_site_name":"Floristeria Mera Palencia","article_modified_time":"2020-01-13T16:23:35+00:00","og_image":[{"width":970,"height":680,"url":"https:\/\/floristeriamerapalencia.com\/wp\/wp-content\/uploads\/2014\/12\/mu\u00f1eco.jpg","type":"image\/jpeg"}],"twitter_card":"summary_large_image","schema":{"@context":"https:\/\/schema.org","@graph":[{"@type":"WebPage","@id":"https:\/\/floristeriamerapalencia.com\/wp\/?page_id=31","url":"https:\/\/floristeriamerapalencia.com\/wp\/?page_id=31","name":"Complementos-Florister\u00eda Mera Palencia","isPartOf":{"@id":"https:\/\/floristeriamerapalencia.com\/wp\/#website"},"datePublished":"2014-12-04T11:11:49+00:00","dateModified":"2020-01-13T16:23:35+00:00","description":"regalos,flores,peluches,florister\u00edas,palencia,flores,regalo","breadcrumb":{"@id":"https:\/\/floristeriamerapalencia.com\/wp\/?page_id=31#breadcrumb"},"inLanguage":"es","potentialAction":[{"@type":"ReadAction","target":["https:\/\/floristeriamerapalencia.com\/wp\/?page_id=31"]}]},{"@type":"BreadcrumbList","@id":"https:\/\/floristeriamerapalencia.com\/wp\/?page_id=31#breadcrumb","itemListElement":[{"@type":"ListItem","position":1,"name":"Portada","item":"https:\/\/floristeriamerapalencia.com\/wp\/"},{"@type":"ListItem","position":2,"name":"COMPLEMENTOS"}]},{"@type":"WebSite","@id":"https:\/\/floristeriamerapalencia.com\/wp\/#website","url":"https:\/\/floristeriamerapalencia.com\/wp\/","name":"Floristeria Mera Palencia","description":"Florister\u00eda Mera, tu tienda de detalles y flores de confianza en Palencia","potentialAction":[{"@type":"SearchAction","target":{"@type":"EntryPoint","urlTemplate":"https:\/\/floristeriamerapalencia.com\/wp\/?s={search_term_string}"},"query-input":"required name=search_term_string"}],"inLanguage":"es"}]}},"_links":{"self":[{"href":"https:\/\/floristeriamerapalencia.com\/wp\/index.php?rest_route=\/wp\/v2\/pages\/31"}],"collection":[{"href":"https:\/\/floristeriamerapalencia.com\/wp\/index.php?rest_route=\/wp\/v2\/pages"}],"about":[{"href":"https:\/\/floristeriamerapalencia.com\/wp\/index.php?rest_route=\/wp\/v2\/types\/page"}],"author":[{"embeddable":true,"href":"https:\/\/floristeriamerapalencia.com\/wp\/index.php?rest_route=\/wp\/v2\/users\/1"}],"replies":[{"embeddable":true,"href":"https:\/\/floristeriamerapalencia.com\/wp\/index.php?rest_route=%2Fwp%2Fv2%2Fcomments&post=31"}],"version-history":[{"count":21,"href":"https:\/\/floristeriamerapalencia.com\/wp\/index.php?rest_route=\/wp\/v2\/pages\/31\/revisions"}],"predecessor-version":[{"id":3150,"href":"https:\/\/floristeriamerapalencia.com\/wp\/index.php?rest_route=\/wp\/v2\/pages\/31\/revisions\/3150"}],"wp:featuredmedia":[{"embeddable":true,"href":"https:\/\/floristeriamerapalencia.com\/wp\/index.php?rest_route=\/wp\/v2\/media\/111"}],"wp:attachment":[{"href":"https:\/\/floristeriamerapalencia.com\/wp\/index.php?rest_route=%2Fwp%2Fv2%2Fmedia&parent=31"}],"curies":[{"name":"wp","href":"https:\/\/api.w.org\/{rel}","templated":true}]}}